{"id":942,"date":"2021-01-06T13:55:18","date_gmt":"2021-01-06T18:55:18","guid":{"rendered":"https:\/\/idalisbeautysavvy.com\/?post_type=product&#038;p=942"},"modified":"2021-06-18T16:03:04","modified_gmt":"2021-06-18T20:03:04","slug":"global-networking-event","status":"publish","type":"product","link":"https:\/\/idalisbeautysavvy.com\/en\/product\/global-networking-event\/","title":{"rendered":"Global Networking Event"},"content":{"rendered":"<h2>SPEAKERS INTERNACIONALES<\/h2>\n<h3><\/h3>\n<h3><img decoding=\"async\" class=\"alignleft wp-image-2539 size-thumbnail\" src=\"http:\/\/idalisbeautysavvy.com\/wp-content\/uploads\/2021\/01\/CRISTINA-MORO-150x150.png\" alt=\"\" width=\"150\" height=\"150\" srcset=\"https:\/\/idalisbeautysavvy.com\/wp-content\/uploads\/2021\/01\/CRISTINA-MORO-150x150.png 150w, https:\/\/idalisbeautysavvy.com\/wp-content\/uploads\/2021\/01\/CRISTINA-MORO-300x300.png 300w, https:\/\/idalisbeautysavvy.com\/wp-content\/uploads\/2021\/01\/CRISTINA-MORO-100x100.png 100w, https:\/\/idalisbeautysavvy.com\/wp-content\/uploads\/2021\/01\/CRISTINA-MORO.png 392w\" sizes=\"(max-width: 150px) 100vw, 150px\" \/>Cristina Moro (ARG)<\/h3>\n<p>Masoterapeuta, Aromaterapeuta,Dermocosmiatra. Esteticista. Directora del centro de Investigaciones Cosmiatricas.<\/p>\n<p>&nbsp;<\/p>\n<p>&nbsp;<\/p>\n<p>&nbsp;<\/p>\n<h3><img decoding=\"async\" class=\"wp-image-2538 size-thumbnail alignleft\" src=\"http:\/\/idalisbeautysavvy.com\/wp-content\/uploads\/2021\/01\/Jesus-Corcobado-150x150.png\" alt=\"\" width=\"150\" height=\"150\" srcset=\"https:\/\/idalisbeautysavvy.com\/wp-content\/uploads\/2021\/01\/Jesus-Corcobado-150x150.png 150w, https:\/\/idalisbeautysavvy.com\/wp-content\/uploads\/2021\/01\/Jesus-Corcobado-300x300.png 300w, https:\/\/idalisbeautysavvy.com\/wp-content\/uploads\/2021\/01\/Jesus-Corcobado-100x100.png 100w, https:\/\/idalisbeautysavvy.com\/wp-content\/uploads\/2021\/01\/Jesus-Corcobado.png 392w\" sizes=\"(max-width: 150px) 100vw, 150px\" \/>Jes\u00fas Corcobado (ESP)<\/h3>\n<p>Abogado de la Uni\u00f3n Profesional de M\u00e9dicos y Cirujanos Est\u00e9ticos de Espa\u00f1a. Secretario Jur\u00eddico de la Uni\u00f3n Internacional de Profesionales de la Est\u00e9tica. Director de Curso de \u201cEspecialista Universitario en Est\u00e9tica Profesional, Cosmiatria, Cosmetolog\u00eda y Est\u00e9tica Oncol\u00f3gica\u00bb Impartido\u00bb en la UEMC de Espa\u00f1a.<\/p>\n<p>&nbsp;<\/p>\n<p>&nbsp;<\/p>\n<p>&nbsp;<\/p>\n<p><img decoding=\"async\" class=\"alignleft wp-image-2540 size-thumbnail\" src=\"http:\/\/idalisbeautysavvy.com\/wp-content\/uploads\/2021\/01\/Dr.-Cesar-Oliveros-150x150.png\" alt=\"\" width=\"150\" height=\"150\" srcset=\"https:\/\/idalisbeautysavvy.com\/wp-content\/uploads\/2021\/01\/Dr.-Cesar-Oliveros-150x150.png 150w, https:\/\/idalisbeautysavvy.com\/wp-content\/uploads\/2021\/01\/Dr.-Cesar-Oliveros-300x300.png 300w, https:\/\/idalisbeautysavvy.com\/wp-content\/uploads\/2021\/01\/Dr.-Cesar-Oliveros-100x100.png 100w, https:\/\/idalisbeautysavvy.com\/wp-content\/uploads\/2021\/01\/Dr.-Cesar-Oliveros.png 392w\" sizes=\"(max-width: 150px) 100vw, 150px\" \/><\/p>\n<h3>Dr. C\u00e9sar Oliveros (VEN)<\/h3>\n<p>M\u00e9dico cirujano, Especialista en cirug\u00eda pl\u00e1stica reconstructiva y maxilofacial.<\/p>","protected":false},"excerpt":{"rendered":"excerpt","protected":false},"featured_media":2533,"comment_status":"open","ping_status":"closed","template":"","meta":{"episode_type":"","audio_file":"","podmotor_file_id":"","podmotor_episode_id":"","cover_image":"","cover_image_id":"","duration":"","filesize":"","filesize_raw":"","date_recorded":"","explicit":"","block":"","generate_page_header":""},"product_brand":[],"product_cat":[32],"product_tag":[43],"class_list":{"0":"post-942","1":"product","2":"type-product","3":"status-publish","4":"has-post-thumbnail","6":"product_cat-eventos-online","7":"product_tag-global-networking","8":"sales-flash-overlay","9":"woocommerce-text-align-center","10":"woocommerce-image-align-center","11":"do-quantity-buttons","13":"first","14":"instock","15":"virtual","16":"taxable","17":"purchasable","18":"product-type-simple"},"_links":{"self":[{"href":"https:\/\/idalisbeautysavvy.com\/en\/wp-json\/wp\/v2\/product\/942","targetHints":{"allow":["GET"]}}],"collection":[{"href":"https:\/\/idalisbeautysavvy.com\/en\/wp-json\/wp\/v2\/product"}],"about":[{"href":"https:\/\/idalisbeautysavvy.com\/en\/wp-json\/wp\/v2\/types\/product"}],"replies":[{"embeddable":true,"href":"https:\/\/idalisbeautysavvy.com\/en\/wp-json\/wp\/v2\/comments?post=942"}],"version-history":[{"count":17,"href":"https:\/\/idalisbeautysavvy.com\/en\/wp-json\/wp\/v2\/product\/942\/revisions"}],"predecessor-version":[{"id":2542,"href":"https:\/\/idalisbeautysavvy.com\/en\/wp-json\/wp\/v2\/product\/942\/revisions\/2542"}],"wp:featuredmedia":[{"embeddable":true,"href":"https:\/\/idalisbeautysavvy.com\/en\/wp-json\/wp\/v2\/media\/2533"}],"wp:attachment":[{"href":"https:\/\/idalisbeautysavvy.com\/en\/wp-json\/wp\/v2\/media?parent=942"}],"wp:term":[{"taxonomy":"product_brand","embeddable":true,"href":"https:\/\/idalisbeautysavvy.com\/en\/wp-json\/wp\/v2\/product_brand?post=942"},{"taxonomy":"product_cat","embeddable":true,"href":"https:\/\/idalisbeautysavvy.com\/en\/wp-json\/wp\/v2\/product_cat?post=942"},{"taxonomy":"product_tag","embeddable":true,"href":"https:\/\/idalisbeautysavvy.com\/en\/wp-json\/wp\/v2\/product_tag?post=942"}],"curies":[{"name":"wp","href":"https:\/\/api.w.org\/{rel}","templated":true}]}}