{"id":2492,"date":"2021-06-02T14:47:49","date_gmt":"2021-06-02T18:47:49","guid":{"rendered":"https:\/\/idalisbeautysavvy.com\/?post_type=product&#038;p=2492"},"modified":"2021-06-02T14:55:39","modified_gmt":"2021-06-02T18:55:39","slug":"guia-esencial-de-rejuvenecimiento-cutaneo","status":"publish","type":"product","link":"https:\/\/idalisbeautysavvy.com\/en\/product\/guia-esencial-de-rejuvenecimiento-cutaneo\/","title":{"rendered":"Gu\u00eda Esencial de Rejuvenecimiento cut\u00e1neo"},"content":{"rendered":"<p>Este manual conciso y pr\u00e1ctico es una gu\u00eda esencial para profesionales y pacientes que utilizan l\u00e1seres para el rejuvenecimiento de la piel. El e-book contiene todo el paso a paso a trav\u00e9s de las preguntas m\u00e1s comunes sobre el tratamiento con l\u00e1ser para minimizar las l\u00edneas faciales, las cicatrices faciales y las lesiones cut\u00e1neas superficiales. La gu\u00eda incluye toda la informaci\u00f3n que el profesional necesita para asegurarse de que el procedimiento se desarrolle sin problemas.<\/p>\n<p>Entre las preguntas a responder:<\/p>\n<ul>\n<li>\u00bfQu\u00e9 informaci\u00f3n necesitas saber para considerar laser?<\/li>\n<li>\u00bfCu\u00e1les son los protocolos de bioseguridad para realizar un tratamiento con l\u00e1ser?<\/li>\n<li>\u00bfQu\u00e9 hacer durante un tratamiento de l\u00e1ser?<\/li>\n<li>\u00bfQu\u00e9 esperar despu\u00e9s del tratamiento con l\u00e1ser?<\/li>\n<\/ul>\n<p>Por tan s\u00f3lo 12 aprender\u00e1s todo lo que necesitas saber sobre el rejuvenecimiento facial con l\u00e1ser profesional!<\/p>","protected":false},"excerpt":{"rendered":"excerpt","protected":false},"featured_media":2477,"comment_status":"open","ping_status":"closed","template":"","meta":{"episode_type":"","audio_file":"","podmotor_file_id":"","podmotor_episode_id":"","cover_image":"","cover_image_id":"","duration":"","filesize":"","filesize_raw":"","date_recorded":"","explicit":"","block":"","generate_page_header":""},"product_brand":[],"product_cat":[47],"product_tag":[],"class_list":{"0":"post-2492","1":"product","2":"type-product","3":"status-publish","4":"has-post-thumbnail","6":"product_cat-e-books","7":"sales-flash-overlay","8":"woocommerce-text-align-center","9":"woocommerce-image-align-center","10":"do-quantity-buttons","12":"first","13":"instock","14":"downloadable","15":"virtual","16":"taxable","17":"purchasable","18":"product-type-simple"},"_links":{"self":[{"href":"https:\/\/idalisbeautysavvy.com\/en\/wp-json\/wp\/v2\/product\/2492","targetHints":{"allow":["GET"]}}],"collection":[{"href":"https:\/\/idalisbeautysavvy.com\/en\/wp-json\/wp\/v2\/product"}],"about":[{"href":"https:\/\/idalisbeautysavvy.com\/en\/wp-json\/wp\/v2\/types\/product"}],"replies":[{"embeddable":true,"href":"https:\/\/idalisbeautysavvy.com\/en\/wp-json\/wp\/v2\/comments?post=2492"}],"version-history":[{"count":1,"href":"https:\/\/idalisbeautysavvy.com\/en\/wp-json\/wp\/v2\/product\/2492\/revisions"}],"predecessor-version":[{"id":2494,"href":"https:\/\/idalisbeautysavvy.com\/en\/wp-json\/wp\/v2\/product\/2492\/revisions\/2494"}],"wp:featuredmedia":[{"embeddable":true,"href":"https:\/\/idalisbeautysavvy.com\/en\/wp-json\/wp\/v2\/media\/2477"}],"wp:attachment":[{"href":"https:\/\/idalisbeautysavvy.com\/en\/wp-json\/wp\/v2\/media?parent=2492"}],"wp:term":[{"taxonomy":"product_brand","embeddable":true,"href":"https:\/\/idalisbeautysavvy.com\/en\/wp-json\/wp\/v2\/product_brand?post=2492"},{"taxonomy":"product_cat","embeddable":true,"href":"https:\/\/idalisbeautysavvy.com\/en\/wp-json\/wp\/v2\/product_cat?post=2492"},{"taxonomy":"product_tag","embeddable":true,"href":"https:\/\/idalisbeautysavvy.com\/en\/wp-json\/wp\/v2\/product_tag?post=2492"}],"curies":[{"name":"wp","href":"https:\/\/api.w.org\/{rel}","templated":true}]}}