{"id":2472,"date":"2021-06-01T12:06:14","date_gmt":"2021-06-01T16:06:14","guid":{"rendered":"https:\/\/idalisbeautysavvy.com\/?post_type=product&#038;p=2472"},"modified":"2024-03-02T23:46:49","modified_gmt":"2024-03-03T04:46:49","slug":"guia-esencial-de-laser-hair-removal","status":"publish","type":"product","link":"https:\/\/idalisbeautysavvy.com\/en\/product\/guia-esencial-de-laser-hair-removal\/","title":{"rendered":"Essential guide to Laser Hair Removal"},"content":{"rendered":"<p>Es un Manual s\u00f3lido que contiene informaci\u00f3n importante sobre la depilaci\u00f3n l\u00e1ser m\u00e9dica, donde encontraras las respuestas a todas las preguntas y dudas que tengas sobre este procedimiento para la eliminaci\u00f3n del exceso de vello. Esta gu\u00eda fue creada tanto para pacientes como profesionales que desean aprender el paso a paso de un tratamiento con l\u00e1ser efectivo.<\/p>\n<p>Entre las preguntas a responder:<\/p>\n<ul>\n<li>\u00bfPor qu\u00e9 escoger depilaci\u00f3n con l\u00e1ser?<\/li>\n<li>\u00bfQu\u00e9 hacer antes de hacerse depilaci\u00f3n con l\u00e1ser?<\/li>\n<li>\u00bfCu\u00e1les son los protocolos a seguir durante la depilaci\u00f3n con l\u00e1ser?<\/li>\n<li>\u00bfCu\u00e1les son los cuidados posteriores al tratamiento?<\/li>\n<\/ul>\n<p>Por tan s\u00f3lo $12 aprender\u00e1s todo lo que necesitas saber sobre la depilaci\u00f3n con l\u00e1ser profesional!<\/p>","protected":false},"excerpt":{"rendered":"excerpt","protected":false},"featured_media":2475,"comment_status":"open","ping_status":"closed","template":"","meta":{"episode_type":"","audio_file":"","podmotor_file_id":"","podmotor_episode_id":"","cover_image":"","cover_image_id":"","duration":"","filesize":"","filesize_raw":"","date_recorded":"","explicit":"","block":"","generate_page_header":""},"product_brand":[],"product_cat":[47],"product_tag":[],"class_list":{"0":"post-2472","1":"product","2":"type-product","3":"status-publish","4":"has-post-thumbnail","6":"product_cat-e-books","7":"sales-flash-overlay","8":"woocommerce-text-align-center","9":"woocommerce-image-align-center","10":"do-quantity-buttons","12":"first","13":"instock","14":"downloadable","15":"virtual","16":"taxable","17":"purchasable","18":"product-type-simple"},"_links":{"self":[{"href":"https:\/\/idalisbeautysavvy.com\/en\/wp-json\/wp\/v2\/product\/2472","targetHints":{"allow":["GET"]}}],"collection":[{"href":"https:\/\/idalisbeautysavvy.com\/en\/wp-json\/wp\/v2\/product"}],"about":[{"href":"https:\/\/idalisbeautysavvy.com\/en\/wp-json\/wp\/v2\/types\/product"}],"replies":[{"embeddable":true,"href":"https:\/\/idalisbeautysavvy.com\/en\/wp-json\/wp\/v2\/comments?post=2472"}],"version-history":[{"count":4,"href":"https:\/\/idalisbeautysavvy.com\/en\/wp-json\/wp\/v2\/product\/2472\/revisions"}],"predecessor-version":[{"id":2479,"href":"https:\/\/idalisbeautysavvy.com\/en\/wp-json\/wp\/v2\/product\/2472\/revisions\/2479"}],"wp:featuredmedia":[{"embeddable":true,"href":"https:\/\/idalisbeautysavvy.com\/en\/wp-json\/wp\/v2\/media\/2475"}],"wp:attachment":[{"href":"https:\/\/idalisbeautysavvy.com\/en\/wp-json\/wp\/v2\/media?parent=2472"}],"wp:term":[{"taxonomy":"product_brand","embeddable":true,"href":"https:\/\/idalisbeautysavvy.com\/en\/wp-json\/wp\/v2\/product_brand?post=2472"},{"taxonomy":"product_cat","embeddable":true,"href":"https:\/\/idalisbeautysavvy.com\/en\/wp-json\/wp\/v2\/product_cat?post=2472"},{"taxonomy":"product_tag","embeddable":true,"href":"https:\/\/idalisbeautysavvy.com\/en\/wp-json\/wp\/v2\/product_tag?post=2472"}],"curies":[{"name":"wp","href":"https:\/\/api.w.org\/{rel}","templated":true}]}}