{"id":2355,"date":"2021-04-22T09:17:17","date_gmt":"2021-04-22T13:17:17","guid":{"rendered":"https:\/\/idalisbeautysavvy.com\/?post_type=product&#038;p=2355"},"modified":"2022-06-20T05:33:05","modified_gmt":"2022-06-20T09:33:05","slug":"abc-marketing-digital-en-salud-bienestar-y-estetica","status":"publish","type":"product","link":"https:\/\/idalisbeautysavvy.com\/en\/product\/abc-marketing-digital-en-salud-bienestar-y-estetica\/","title":{"rendered":"ABC Marketing Digital en Salud, Bienestar y Est\u00e9tica"},"content":{"rendered":"<p><strong>\u00bfPor qu\u00e9 acceder a este masterclass?<\/strong><\/p>\n<ul>\n<li>Las redes sociales son hoy en d\u00eda la mejor manera de hacer crecer tu emprendimiento hoy en d\u00eda, es importante conocer los tips para aprovecharlas de la mejor manera.<\/li>\n<li>Te ofrecer\u00e9 informaci\u00f3n necesaria para dise\u00f1ar estrategias exitosas que den resultados inmediatos.<\/li>\n<li>Aprender\u00e1s las estrategias de marketing digital que son verdaderamente efectivas en tu mercado espec\u00edficamente &#8211; salud, bienestar y est\u00e9tica.<\/li>\n<li>Podr\u00e1s iniciar tu plan de acci\u00f3n de inmediato al finalizar el masterclass.<\/li>\n<\/ul>\n<p><strong>\u00bfDe qu\u00e9 hablaremos en este masterclass?<\/strong><\/p>\n<ul>\n<li>C\u00f3mo desarrollar una estrategia de marketing digital s\u00f3lida para tu negocio<\/li>\n<li>Como construir tu audiencia en las redes sociales<\/li>\n<li>C\u00f3mo crear contenido llamativo para tu audiencia<\/li>\n<li>C\u00f3mo crear mayor alcance digital<\/li>\n<li>C\u00f3mo conquistar a potenciales clientes a trav\u00e9s de las redes sociales<\/li>\n<\/ul>\n<p><strong>\u00daNETE A LAS MILES DE PERSONAS QUE INCURSIONAN DIARIAMENTE EN EL NOVEDOSO MUNDO DIGITAL<\/strong><\/p>\n<p><img fetchpriority=\"high\" decoding=\"async\" class=\"wp-image-2212 size-full aligncenter\" src=\"http:\/\/idalisbeautysavvy.com\/wp-content\/uploads\/2021\/03\/preparate.png\" alt=\"\" width=\"517\" height=\"100\" srcset=\"https:\/\/idalisbeautysavvy.com\/wp-content\/uploads\/2021\/03\/preparate.png 517w, https:\/\/idalisbeautysavvy.com\/wp-content\/uploads\/2021\/03\/preparate-300x58.png 300w\" sizes=\"(max-width: 517px) 100vw, 517px\" \/><\/p>\n<p>Esta Masterclass tiene un formato <strong>100% online<\/strong>, para que lo veas en el momento y lugar ideal para ti. Adem\u00e1s, tendr\u00e1s acceso a ella por 1 mes para verlo las veces que quieras.<\/p>\n<p>Al finalizar el masterclass tienes la opci\u00f3n de acceder a una sesi\u00f3n personal conmigo de 1 hora para preguntas y respuestas sobre el tema.<\/p>\n<p>&nbsp;<\/p>\n<p style=\"text-align: center;\"><strong>Tambi\u00e9n te ofrezco:<\/strong><a href=\"https:\/\/idalisbeautysavvy.com\/en\/servicio-de-consultoria\/\" target=\"_blank\" rel=\"noopener\"><img decoding=\"async\" class=\"aligncenter wp-image-2213\" src=\"http:\/\/idalisbeautysavvy.com\/wp-content\/uploads\/2021\/03\/CONSULTORIA-PERSONALIZADA.png\" alt=\"\" width=\"312\" height=\"71\" srcset=\"https:\/\/idalisbeautysavvy.com\/wp-content\/uploads\/2021\/03\/CONSULTORIA-PERSONALIZADA.png 439w, https:\/\/idalisbeautysavvy.com\/wp-content\/uploads\/2021\/03\/CONSULTORIA-PERSONALIZADA-300x68.png 300w\" sizes=\"(max-width: 312px) 100vw, 312px\" \/><\/a><\/p>","protected":false},"excerpt":{"rendered":"excerpt","protected":false},"featured_media":2318,"comment_status":"open","ping_status":"closed","template":"","meta":{"episode_type":"","audio_file":"","podmotor_file_id":"","podmotor_episode_id":"","cover_image":"","cover_image_id":"","duration":"","filesize":"","filesize_raw":"","date_recorded":"","explicit":"","block":"","generate_page_header":""},"product_brand":[],"product_cat":[46],"product_tag":[],"class_list":{"0":"post-2355","1":"product","2":"type-product","3":"status-publish","4":"has-post-thumbnail","6":"product_cat-master-class","7":"sales-flash-overlay","8":"woocommerce-text-align-center","9":"woocommerce-image-align-center","10":"do-quantity-buttons","12":"first","13":"instock","14":"virtual","15":"taxable","16":"purchasable","17":"product-type-simple"},"_links":{"self":[{"href":"https:\/\/idalisbeautysavvy.com\/en\/wp-json\/wp\/v2\/product\/2355","targetHints":{"allow":["GET"]}}],"collection":[{"href":"https:\/\/idalisbeautysavvy.com\/en\/wp-json\/wp\/v2\/product"}],"about":[{"href":"https:\/\/idalisbeautysavvy.com\/en\/wp-json\/wp\/v2\/types\/product"}],"replies":[{"embeddable":true,"href":"https:\/\/idalisbeautysavvy.com\/en\/wp-json\/wp\/v2\/comments?post=2355"}],"version-history":[{"count":1,"href":"https:\/\/idalisbeautysavvy.com\/en\/wp-json\/wp\/v2\/product\/2355\/revisions"}],"predecessor-version":[{"id":2356,"href":"https:\/\/idalisbeautysavvy.com\/en\/wp-json\/wp\/v2\/product\/2355\/revisions\/2356"}],"wp:featuredmedia":[{"embeddable":true,"href":"https:\/\/idalisbeautysavvy.com\/en\/wp-json\/wp\/v2\/media\/2318"}],"wp:attachment":[{"href":"https:\/\/idalisbeautysavvy.com\/en\/wp-json\/wp\/v2\/media?parent=2355"}],"wp:term":[{"taxonomy":"product_brand","embeddable":true,"href":"https:\/\/idalisbeautysavvy.com\/en\/wp-json\/wp\/v2\/product_brand?post=2355"},{"taxonomy":"product_cat","embeddable":true,"href":"https:\/\/idalisbeautysavvy.com\/en\/wp-json\/wp\/v2\/product_cat?post=2355"},{"taxonomy":"product_tag","embeddable":true,"href":"https:\/\/idalisbeautysavvy.com\/en\/wp-json\/wp\/v2\/product_tag?post=2355"}],"curies":[{"name":"wp","href":"https:\/\/api.w.org\/{rel}","templated":true}]}}