{"id":2353,"date":"2021-04-22T09:09:16","date_gmt":"2021-04-22T13:09:16","guid":{"rendered":"https:\/\/idalisbeautysavvy.com\/?post_type=product&#038;p=2353"},"modified":"2021-04-22T09:17:13","modified_gmt":"2021-04-22T13:17:13","slug":"cuidado-de-la-piel-y-automaquillaje-2","status":"publish","type":"product","link":"https:\/\/idalisbeautysavvy.com\/en\/product\/cuidado-de-la-piel-y-automaquillaje-2\/","title":{"rendered":"Skin care and Self"},"content":{"rendered":"<p><strong>\u00bfDe qu\u00e9 hablaremos en este masterclass?<\/strong><\/p>\n<p>Rutina de Cuidado seg\u00fan el tipo de Piel<\/p>\n<ul>\n<li>Pasos esenciales antes de maquillarse<\/li>\n<li>Tratamientos est\u00e9ticos recomendados<\/li>\n<li>Tipos de Maquillaje<\/li>\n<li>Paso a Paso de Maquillaje Cl\u00e1sico<\/li>\n<li>Pr\u00e1ctica<\/li>\n<\/ul>\n<p><em><strong>Este masterclass est\u00e1 dise\u00f1ado para aquellas personas que est\u00e1n comenzando de cero a cuidarse la piel y maquillarse<\/strong><\/em><\/p>\n<p><img fetchpriority=\"high\" decoding=\"async\" class=\"wp-image-2212 size-full aligncenter\" src=\"http:\/\/idalisbeautysavvy.com\/wp-content\/uploads\/2021\/03\/preparate.png\" alt=\"\" width=\"517\" height=\"100\" srcset=\"https:\/\/idalisbeautysavvy.com\/wp-content\/uploads\/2021\/03\/preparate.png 517w, https:\/\/idalisbeautysavvy.com\/wp-content\/uploads\/2021\/03\/preparate-300x58.png 300w\" sizes=\"(max-width: 517px) 100vw, 517px\" \/><\/p>\n<p>Esta Masterclass tiene un formato <strong>100% online<\/strong>, para que lo veas en el momento y lugar ideal para ti. Adem\u00e1s, tendr\u00e1s acceso a ella por 1 mes para verlo las veces que quieras.<\/p>\n<p>Al finalizar el masterclass tienes la opci\u00f3n de acceder a una sesi\u00f3n personal conmigo de 1 hora para preguntas y respuestas sobre el tema.<\/p>\n<p>&nbsp;<\/p>\n<p style=\"text-align: center;\"><strong>Tambi\u00e9n te ofrezco:<\/strong><a href=\"https:\/\/idalisbeautysavvy.com\/en\/servicio-de-consultoria\/\" target=\"_blank\" rel=\"noopener\"><img decoding=\"async\" class=\"aligncenter wp-image-2213\" src=\"http:\/\/idalisbeautysavvy.com\/wp-content\/uploads\/2021\/03\/CONSULTORIA-PERSONALIZADA.png\" alt=\"\" width=\"312\" height=\"71\" srcset=\"https:\/\/idalisbeautysavvy.com\/wp-content\/uploads\/2021\/03\/CONSULTORIA-PERSONALIZADA.png 439w, https:\/\/idalisbeautysavvy.com\/wp-content\/uploads\/2021\/03\/CONSULTORIA-PERSONALIZADA-300x68.png 300w\" sizes=\"(max-width: 312px) 100vw, 312px\" \/><\/a><\/p>","protected":false},"excerpt":{"rendered":"excerpt","protected":false},"featured_media":2319,"comment_status":"open","ping_status":"closed","template":"","meta":{"episode_type":"","audio_file":"","podmotor_file_id":"","podmotor_episode_id":"","cover_image":"","cover_image_id":"","duration":"","filesize":"","filesize_raw":"","date_recorded":"","explicit":"","block":"","generate_page_header":""},"product_brand":[],"product_cat":[46],"product_tag":[],"class_list":{"0":"post-2353","1":"product","2":"type-product","3":"status-publish","4":"has-post-thumbnail","6":"product_cat-master-class","7":"sales-flash-overlay","8":"woocommerce-text-align-center","9":"woocommerce-image-align-center","10":"do-quantity-buttons","12":"first","13":"instock","14":"virtual","15":"taxable","16":"purchasable","17":"product-type-simple"},"_links":{"self":[{"href":"https:\/\/idalisbeautysavvy.com\/en\/wp-json\/wp\/v2\/product\/2353","targetHints":{"allow":["GET"]}}],"collection":[{"href":"https:\/\/idalisbeautysavvy.com\/en\/wp-json\/wp\/v2\/product"}],"about":[{"href":"https:\/\/idalisbeautysavvy.com\/en\/wp-json\/wp\/v2\/types\/product"}],"replies":[{"embeddable":true,"href":"https:\/\/idalisbeautysavvy.com\/en\/wp-json\/wp\/v2\/comments?post=2353"}],"version-history":[{"count":2,"href":"https:\/\/idalisbeautysavvy.com\/en\/wp-json\/wp\/v2\/product\/2353\/revisions"}],"predecessor-version":[{"id":2366,"href":"https:\/\/idalisbeautysavvy.com\/en\/wp-json\/wp\/v2\/product\/2353\/revisions\/2366"}],"wp:featuredmedia":[{"embeddable":true,"href":"https:\/\/idalisbeautysavvy.com\/en\/wp-json\/wp\/v2\/media\/2319"}],"wp:attachment":[{"href":"https:\/\/idalisbeautysavvy.com\/en\/wp-json\/wp\/v2\/media?parent=2353"}],"wp:term":[{"taxonomy":"product_brand","embeddable":true,"href":"https:\/\/idalisbeautysavvy.com\/en\/wp-json\/wp\/v2\/product_brand?post=2353"},{"taxonomy":"product_cat","embeddable":true,"href":"https:\/\/idalisbeautysavvy.com\/en\/wp-json\/wp\/v2\/product_cat?post=2353"},{"taxonomy":"product_tag","embeddable":true,"href":"https:\/\/idalisbeautysavvy.com\/en\/wp-json\/wp\/v2\/product_tag?post=2353"}],"curies":[{"name":"wp","href":"https:\/\/api.w.org\/{rel}","templated":true}]}}