{"id":2347,"date":"2021-04-22T08:53:44","date_gmt":"2021-04-22T12:53:44","guid":{"rendered":"https:\/\/idalisbeautysavvy.com\/?post_type=product&#038;p=2347"},"modified":"2022-10-16T23:08:07","modified_gmt":"2022-10-17T03:08:07","slug":"salud-bienestar-y-estetica-oncologica-2","status":"publish","type":"product","link":"https:\/\/idalisbeautysavvy.com\/en\/product\/salud-bienestar-y-estetica-oncologica-2\/","title":{"rendered":"Health, Wellness and Aesthetic Oncology"},"content":{"rendered":"<p><strong>\u00bfCu\u00e1l es el objetivo del masterclass?<\/strong><\/p>\n<p>Promover la concientizaci\u00f3n sobre el rol que tiene nuestra profesi\u00f3n en proveer tratamientos est\u00e9ticos y utilizar t\u00e9cnicas de cuidado que faciliten el proceso y contribuyan a la restauraci\u00f3n f\u00edsica y mental del paciente oncol\u00f3gico, bajo los protocolos m\u00e9dicos.<\/p>\n<p><strong>\u00bfPor qu\u00e9 tomar este masterclass?<\/strong><\/p>\n<ul>\n<li>Podr\u00e1s adquirir amplio conocimiento sobre la enfermedad del c\u00e1ncer y sus consecuencias en la piel.<\/li>\n<li>Aprender\u00e1s a atender correctamente las necesidades est\u00e9ticas del paciente oncol\u00f3gico<\/li>\n<li>Desarrollaras nuevas t\u00e9cnicas y habilidades como esteticista para proveer cuidados tanto f\u00edsicos como psicol\u00f3gicos al paciente oncol\u00f3gico.<\/li>\n<li>Podr\u00e1s ampliar el men\u00fa de servicios est\u00e9ticos de tu negocio conquistando un nicho de mercado con muchas necesidades.<\/li>\n<\/ul>\n<p><strong>\u00bfDe qu\u00e9 hablaremos en el masterclass?<\/strong><\/p>\n<ul>\n<li>El efecto de la enfermedad en la salud de la piel del paciente<\/li>\n<li>Realizar an\u00e1lisis y diagn\u00f3stico de la piel del paciente correctamente.<\/li>\n<li>Conocer las pautas y h\u00e1bitos saludables para el paciente oncol\u00f3gico.<\/li>\n<li>Determinar el rol del profesional de la est\u00e9tica oncol\u00f3gica y protocolos a seguir<\/li>\n<li>Principales tratamientos est\u00e9ticos para el paciente oncol\u00f3gico<\/li>\n<\/ul>\n<p><img fetchpriority=\"high\" decoding=\"async\" class=\"wp-image-2212 size-full aligncenter\" src=\"http:\/\/idalisbeautysavvy.com\/wp-content\/uploads\/2021\/03\/preparate.png\" alt=\"\" width=\"517\" height=\"100\" srcset=\"https:\/\/idalisbeautysavvy.com\/wp-content\/uploads\/2021\/03\/preparate.png 517w, https:\/\/idalisbeautysavvy.com\/wp-content\/uploads\/2021\/03\/preparate-300x58.png 300w\" sizes=\"(max-width: 517px) 100vw, 517px\" \/><\/p>\n<p>Esta Masterclass tiene un formato <strong>100% online<\/strong>, para que lo veas en el momento y lugar ideal para ti. Adem\u00e1s, tendr\u00e1s acceso a ella por 1 mes para verlo las veces que quieras.<\/p>\n<p>Al finalizar el masterclass tienes la opci\u00f3n de acceder a una sesi\u00f3n personal conmigo de 1 hora para preguntas y respuestas sobre el tema.<\/p>\n<p>&nbsp;<\/p>\n<p style=\"text-align: center;\"><strong>Tambi\u00e9n te ofrezco:<\/strong><a href=\"https:\/\/idalisbeautysavvy.com\/en\/servicio-de-consultoria\/\" target=\"_blank\" rel=\"noopener\"><img decoding=\"async\" class=\"aligncenter wp-image-2213\" src=\"http:\/\/idalisbeautysavvy.com\/wp-content\/uploads\/2021\/03\/CONSULTORIA-PERSONALIZADA.png\" alt=\"\" width=\"312\" height=\"71\" srcset=\"https:\/\/idalisbeautysavvy.com\/wp-content\/uploads\/2021\/03\/CONSULTORIA-PERSONALIZADA.png 439w, https:\/\/idalisbeautysavvy.com\/wp-content\/uploads\/2021\/03\/CONSULTORIA-PERSONALIZADA-300x68.png 300w\" sizes=\"(max-width: 312px) 100vw, 312px\" \/><\/a><\/p>","protected":false},"excerpt":{"rendered":"excerpt","protected":false},"featured_media":2320,"comment_status":"open","ping_status":"closed","template":"","meta":{"episode_type":"","audio_file":"","podmotor_file_id":"","podmotor_episode_id":"","cover_image":"","cover_image_id":"","duration":"","filesize":"","filesize_raw":"","date_recorded":"","explicit":"","block":"","generate_page_header":""},"product_brand":[],"product_cat":[46],"product_tag":[],"class_list":{"0":"post-2347","1":"product","2":"type-product","3":"status-publish","4":"has-post-thumbnail","6":"product_cat-master-class","7":"sales-flash-overlay","8":"woocommerce-text-align-center","9":"woocommerce-image-align-center","10":"do-quantity-buttons","12":"first","13":"instock","14":"virtual","15":"taxable","16":"purchasable","17":"product-type-simple"},"_links":{"self":[{"href":"https:\/\/idalisbeautysavvy.com\/en\/wp-json\/wp\/v2\/product\/2347","targetHints":{"allow":["GET"]}}],"collection":[{"href":"https:\/\/idalisbeautysavvy.com\/en\/wp-json\/wp\/v2\/product"}],"about":[{"href":"https:\/\/idalisbeautysavvy.com\/en\/wp-json\/wp\/v2\/types\/product"}],"replies":[{"embeddable":true,"href":"https:\/\/idalisbeautysavvy.com\/en\/wp-json\/wp\/v2\/comments?post=2347"}],"version-history":[{"count":2,"href":"https:\/\/idalisbeautysavvy.com\/en\/wp-json\/wp\/v2\/product\/2347\/revisions"}],"predecessor-version":[{"id":2352,"href":"https:\/\/idalisbeautysavvy.com\/en\/wp-json\/wp\/v2\/product\/2347\/revisions\/2352"}],"wp:featuredmedia":[{"embeddable":true,"href":"https:\/\/idalisbeautysavvy.com\/en\/wp-json\/wp\/v2\/media\/2320"}],"wp:attachment":[{"href":"https:\/\/idalisbeautysavvy.com\/en\/wp-json\/wp\/v2\/media?parent=2347"}],"wp:term":[{"taxonomy":"product_brand","embeddable":true,"href":"https:\/\/idalisbeautysavvy.com\/en\/wp-json\/wp\/v2\/product_brand?post=2347"},{"taxonomy":"product_cat","embeddable":true,"href":"https:\/\/idalisbeautysavvy.com\/en\/wp-json\/wp\/v2\/product_cat?post=2347"},{"taxonomy":"product_tag","embeddable":true,"href":"https:\/\/idalisbeautysavvy.com\/en\/wp-json\/wp\/v2\/product_tag?post=2347"}],"curies":[{"name":"wp","href":"https:\/\/api.w.org\/{rel}","templated":true}]}}