{"id":2341,"date":"2021-04-22T08:44:57","date_gmt":"2021-04-22T12:44:57","guid":{"rendered":"https:\/\/idalisbeautysavvy.com\/?post_type=product&#038;p=2341"},"modified":"2022-10-09T02:16:54","modified_gmt":"2022-10-09T06:16:54","slug":"importancia-del-cuidado-de-la-piel","status":"publish","type":"product","link":"https:\/\/idalisbeautysavvy.com\/en\/product\/importancia-del-cuidado-de-la-piel\/","title":{"rendered":"Importance of Skin Care"},"content":{"rendered":"<p>Te ense\u00f1ar\u00e9 no s\u00f3lo como cuidar tu propia piel sino la de tus pacientes, ya que te llevar\u00e9 desde los conceptos b\u00e1sicos de belleza hasta tratamientos profesionales de acuerdo a cada condici\u00f3n de la piel.<\/p>\n<p><strong>\u00bfDe qu\u00e9 hablaremos en este masterclass?<\/strong><\/p>\n<ul>\n<li>Fisiolog\u00eda de la Piel<\/li>\n<li>Tips para Cuidado de la Piel<\/li>\n<li>Rutina de Cuidado seg\u00fan el tipo de Piel<\/li>\n<li>Mascarillas Caseras<\/li>\n<li>Tratamientos est\u00e9ticos recomendados<\/li>\n<\/ul>\n<p>\u00a1Recuerda la salud de tu piel como profesional es tu mejor tarjeta de presentaci\u00f3n!<\/p>\n<p><em><strong>Comienza HOY a tratar a tu propio cuerpo con amor para ayudar a otros a cuidarse correctamente.<\/strong><\/em><\/p>\n<p><img fetchpriority=\"high\" decoding=\"async\" class=\"wp-image-2212 size-full aligncenter\" src=\"http:\/\/idalisbeautysavvy.com\/wp-content\/uploads\/2021\/03\/preparate.png\" alt=\"\" width=\"517\" height=\"100\" srcset=\"https:\/\/idalisbeautysavvy.com\/wp-content\/uploads\/2021\/03\/preparate.png 517w, https:\/\/idalisbeautysavvy.com\/wp-content\/uploads\/2021\/03\/preparate-300x58.png 300w\" sizes=\"(max-width: 517px) 100vw, 517px\" \/><\/p>\n<p>Esta Masterclass tiene un formato <strong>100% online<\/strong>, para que lo veas en el momento y lugar ideal para ti. Adem\u00e1s, tendr\u00e1s acceso a ella por 1 mes para verlo las veces que quieras.<\/p>\n<p>Al finalizar el masterclass tienes la opci\u00f3n de acceder a una sesi\u00f3n personal conmigo de 1 hora para preguntas y respuestas sobre el tema.<\/p>\n<p>&nbsp;<\/p>\n<p style=\"text-align: center;\"><strong>Tambi\u00e9n te ofrezco:<\/strong><a href=\"https:\/\/idalisbeautysavvy.com\/en\/servicio-de-consultoria\/\" target=\"_blank\" rel=\"noopener\"><img decoding=\"async\" class=\"aligncenter wp-image-2213\" src=\"http:\/\/idalisbeautysavvy.com\/wp-content\/uploads\/2021\/03\/CONSULTORIA-PERSONALIZADA.png\" alt=\"\" width=\"312\" height=\"71\" srcset=\"https:\/\/idalisbeautysavvy.com\/wp-content\/uploads\/2021\/03\/CONSULTORIA-PERSONALIZADA.png 439w, https:\/\/idalisbeautysavvy.com\/wp-content\/uploads\/2021\/03\/CONSULTORIA-PERSONALIZADA-300x68.png 300w\" sizes=\"(max-width: 312px) 100vw, 312px\" \/><\/a><\/p>","protected":false},"excerpt":{"rendered":"excerpt","protected":false},"featured_media":2321,"comment_status":"open","ping_status":"closed","template":"","meta":{"episode_type":"","audio_file":"","podmotor_file_id":"","podmotor_episode_id":"","cover_image":"","cover_image_id":"","duration":"","filesize":"","filesize_raw":"","date_recorded":"","explicit":"","block":"","generate_page_header":""},"product_brand":[],"product_cat":[46],"product_tag":[],"class_list":{"0":"post-2341","1":"product","2":"type-product","3":"status-publish","4":"has-post-thumbnail","6":"product_cat-master-class","7":"sales-flash-overlay","8":"woocommerce-text-align-center","9":"woocommerce-image-align-center","10":"do-quantity-buttons","12":"first","13":"instock","14":"virtual","15":"taxable","16":"purchasable","17":"product-type-simple"},"_links":{"self":[{"href":"https:\/\/idalisbeautysavvy.com\/en\/wp-json\/wp\/v2\/product\/2341","targetHints":{"allow":["GET"]}}],"collection":[{"href":"https:\/\/idalisbeautysavvy.com\/en\/wp-json\/wp\/v2\/product"}],"about":[{"href":"https:\/\/idalisbeautysavvy.com\/en\/wp-json\/wp\/v2\/types\/product"}],"replies":[{"embeddable":true,"href":"https:\/\/idalisbeautysavvy.com\/en\/wp-json\/wp\/v2\/comments?post=2341"}],"version-history":[{"count":2,"href":"https:\/\/idalisbeautysavvy.com\/en\/wp-json\/wp\/v2\/product\/2341\/revisions"}],"predecessor-version":[{"id":2343,"href":"https:\/\/idalisbeautysavvy.com\/en\/wp-json\/wp\/v2\/product\/2341\/revisions\/2343"}],"wp:featuredmedia":[{"embeddable":true,"href":"https:\/\/idalisbeautysavvy.com\/en\/wp-json\/wp\/v2\/media\/2321"}],"wp:attachment":[{"href":"https:\/\/idalisbeautysavvy.com\/en\/wp-json\/wp\/v2\/media?parent=2341"}],"wp:term":[{"taxonomy":"product_brand","embeddable":true,"href":"https:\/\/idalisbeautysavvy.com\/en\/wp-json\/wp\/v2\/product_brand?post=2341"},{"taxonomy":"product_cat","embeddable":true,"href":"https:\/\/idalisbeautysavvy.com\/en\/wp-json\/wp\/v2\/product_cat?post=2341"},{"taxonomy":"product_tag","embeddable":true,"href":"https:\/\/idalisbeautysavvy.com\/en\/wp-json\/wp\/v2\/product_tag?post=2341"}],"curies":[{"name":"wp","href":"https:\/\/api.w.org\/{rel}","templated":true}]}}