{"id":2314,"date":"2021-04-21T22:15:08","date_gmt":"2021-04-22T02:15:08","guid":{"rendered":"https:\/\/idalisbeautysavvy.com\/?post_type=product&#038;p=2314"},"modified":"2021-04-21T23:18:02","modified_gmt":"2021-04-22T03:18:02","slug":"posicionamiento-en-tratamientos-esteticos-con-laser","status":"publish","type":"product","link":"https:\/\/idalisbeautysavvy.com\/en\/product\/posicionamiento-en-tratamientos-esteticos-con-laser\/","title":{"rendered":"Positioning in aesthetic treatments with Laser"},"content":{"rendered":"<p><strong>\u00bfCu\u00e1les son los objetivos de este masterclass?<\/strong><\/p>\n<ul>\n<li>Conocer los tratamientos faciales con l\u00e1ser en tendencia en el mercado est\u00e9tico<\/li>\n<li>Aprender sobre los beneficios de la tecnolog\u00eda l\u00e1ser para la piel y para el profesional<\/li>\n<li>Aprovechar la oportunidad del mercado para hacer crecer tu negocio<\/li>\n<li>Incluir nuevos servicios efectivos al men\u00fa de servicios que te ofrezcan mayor ganancia y crecimiento<\/li>\n<\/ul>\n<p>&nbsp;<\/p>\n<p><strong>\u00bfDe qu\u00e9 hablaremos en este masterclass?<\/strong><\/p>\n<p>Veremos informaci\u00f3n importante sobre los tratamientos faciales con l\u00e1ser en tendencia actualmente, entre ellos: depilaci\u00f3n con l\u00e1ser, rejuvenecimiento cut\u00e1neo con l\u00e1ser,<em> L\u00e1ser CO2 Fraccionado, IPL, 4D Laser \u2013 Ultrasonido Ultherapy<\/em> y m\u00e1s, de los cuales aprender\u00e1s sobre:<\/p>\n<ul>\n<li><strong>Tecnolog\u00eda<\/strong><\/li>\n<li><strong>Costos<\/strong><\/li>\n<li><strong>Funcionamiento<\/strong><\/li>\n<li><strong>Ventajas y desventajas<\/strong><\/li>\n<li><strong>Resultados<\/strong><\/li>\n<\/ul>\n<p>&nbsp;<\/p>\n<p><em><strong>Hoy es el mejor d\u00eda para conocer todo sobre los tratamientos m\u00e1s efectivo del mercado que te permitir\u00e1n vender de forma sencilla y r\u00e1pida en minutos<\/strong><\/em><\/p>\n<p><img fetchpriority=\"high\" decoding=\"async\" class=\"wp-image-2212 size-full aligncenter\" src=\"http:\/\/idalisbeautysavvy.com\/wp-content\/uploads\/2021\/03\/preparate.png\" alt=\"\" width=\"517\" height=\"100\" srcset=\"https:\/\/idalisbeautysavvy.com\/wp-content\/uploads\/2021\/03\/preparate.png 517w, https:\/\/idalisbeautysavvy.com\/wp-content\/uploads\/2021\/03\/preparate-300x58.png 300w\" sizes=\"(max-width: 517px) 100vw, 517px\" \/><\/p>\n<p>Esta Masterclass tiene un formato <strong>100% online<\/strong>, para que lo veas en el momento y lugar ideal para ti. Adem\u00e1s, tendr\u00e1s acceso a ella por 1 mes para verlo las veces que quieras.<\/p>\n<p>Al finalizar el masterclass tienes la opci\u00f3n de acceder a una sesi\u00f3n personal conmigo de 1 hora para preguntas y respuestas sobre el tema.<\/p>\n<p>&nbsp;<\/p>\n<p style=\"text-align: center;\"><strong>Tambi\u00e9n te ofrezco:<\/strong><a href=\"https:\/\/idalisbeautysavvy.com\/en\/servicio-de-consultoria\/\" target=\"_blank\" rel=\"noopener\"><img decoding=\"async\" class=\"aligncenter wp-image-2213\" src=\"http:\/\/idalisbeautysavvy.com\/wp-content\/uploads\/2021\/03\/CONSULTORIA-PERSONALIZADA.png\" alt=\"\" width=\"312\" height=\"71\" srcset=\"https:\/\/idalisbeautysavvy.com\/wp-content\/uploads\/2021\/03\/CONSULTORIA-PERSONALIZADA.png 439w, https:\/\/idalisbeautysavvy.com\/wp-content\/uploads\/2021\/03\/CONSULTORIA-PERSONALIZADA-300x68.png 300w\" sizes=\"(max-width: 312px) 100vw, 312px\" \/><\/a><\/p>","protected":false},"excerpt":{"rendered":"excerpt","protected":false},"featured_media":2317,"comment_status":"open","ping_status":"closed","template":"","meta":{"episode_type":"","audio_file":"","podmotor_file_id":"","podmotor_episode_id":"","cover_image":"","cover_image_id":"","duration":"","filesize":"","filesize_raw":"","date_recorded":"","explicit":"","block":"","generate_page_header":""},"product_brand":[],"product_cat":[46],"product_tag":[],"class_list":{"0":"post-2314","1":"product","2":"type-product","3":"status-publish","4":"has-post-thumbnail","6":"product_cat-master-class","7":"sales-flash-overlay","8":"woocommerce-text-align-center","9":"woocommerce-image-align-center","10":"do-quantity-buttons","12":"first","13":"instock","14":"virtual","15":"taxable","16":"purchasable","17":"product-type-simple"},"_links":{"self":[{"href":"https:\/\/idalisbeautysavvy.com\/en\/wp-json\/wp\/v2\/product\/2314","targetHints":{"allow":["GET"]}}],"collection":[{"href":"https:\/\/idalisbeautysavvy.com\/en\/wp-json\/wp\/v2\/product"}],"about":[{"href":"https:\/\/idalisbeautysavvy.com\/en\/wp-json\/wp\/v2\/types\/product"}],"replies":[{"embeddable":true,"href":"https:\/\/idalisbeautysavvy.com\/en\/wp-json\/wp\/v2\/comments?post=2314"}],"version-history":[{"count":1,"href":"https:\/\/idalisbeautysavvy.com\/en\/wp-json\/wp\/v2\/product\/2314\/revisions"}],"predecessor-version":[{"id":2322,"href":"https:\/\/idalisbeautysavvy.com\/en\/wp-json\/wp\/v2\/product\/2314\/revisions\/2322"}],"wp:featuredmedia":[{"embeddable":true,"href":"https:\/\/idalisbeautysavvy.com\/en\/wp-json\/wp\/v2\/media\/2317"}],"wp:attachment":[{"href":"https:\/\/idalisbeautysavvy.com\/en\/wp-json\/wp\/v2\/media?parent=2314"}],"wp:term":[{"taxonomy":"product_brand","embeddable":true,"href":"https:\/\/idalisbeautysavvy.com\/en\/wp-json\/wp\/v2\/product_brand?post=2314"},{"taxonomy":"product_cat","embeddable":true,"href":"https:\/\/idalisbeautysavvy.com\/en\/wp-json\/wp\/v2\/product_cat?post=2314"},{"taxonomy":"product_tag","embeddable":true,"href":"https:\/\/idalisbeautysavvy.com\/en\/wp-json\/wp\/v2\/product_tag?post=2314"}],"curies":[{"name":"wp","href":"https:\/\/api.w.org\/{rel}","templated":true}]}}