{"id":4023,"date":"2022-05-07T14:11:49","date_gmt":"2022-05-07T18:11:49","guid":{"rendered":"https:\/\/idalisbeautysavvy.com\/?page_id=4023"},"modified":"2022-05-07T14:13:45","modified_gmt":"2022-05-07T18:13:45","slug":"reconocimiento-mujeres-que-se-atreven","status":"publish","type":"page","link":"https:\/\/idalisbeautysavvy.com\/en\/reconocimiento-mujeres-que-se-atreven\/","title":{"rendered":"Reconocimiento Mujeres que se atreven"},"content":{"rendered":"<div data-elementor-type=\"wp-page\" data-elementor-id=\"4023\" class=\"elementor elementor-4023\" data-elementor-post-type=\"page\">\n\t\t\t\t\t\t<section class=\"elementor-section elementor-top-section elementor-element elementor-element-7d5c60b elementor-section-boxed elementor-section-height-default elementor-section-height-default\" data-id=\"7d5c60b\" data-element_type=\"section\">\n\t\t\t\t\t\t<div class=\"elementor-container elementor-column-gap-default\">\n\t\t\t\t\t<div class=\"elementor-column elementor-col-50 elementor-top-column elementor-element elementor-element-0f3f833\" data-id=\"0f3f833\" data-element_type=\"column\">\n\t\t\t<div class=\"elementor-widget-wrap elementor-element-populated\">\n\t\t\t\t\t\t<div class=\"elementor-element elementor-element-59dde72 elementor-widget elementor-widget-heading\" data-id=\"59dde72\" data-element_type=\"widget\" data-widget_type=\"heading.default\">\n\t\t\t\t<div class=\"elementor-widget-container\">\n\t\t\t\t\t<h2 class=\"elementor-heading-title elementor-size-default\">Mujeres que se atreven y superan l\u00edmites<\/h2>\t\t\t\t<\/div>\n\t\t\t\t<\/div>\n\t\t\t\t<div class=\"elementor-element elementor-element-4df394b elementor-widget elementor-widget-text-editor\" data-id=\"4df394b\" data-element_type=\"widget\" data-widget_type=\"text-editor.default\">\n\t\t\t\t<div class=\"elementor-widget-container\">\n\t\t\t\t\t\t\t\t\t<p>La plataforma de emprendimiento, liderazgo e inspiraci\u00f3n<strong> \u00abMujeres Que Se Atreven y Superan L\u00edmites\u00bb<\/strong> llevaron a cabo su conferencia <strong>SUP\u00c9RATE Y ATR\u00c9VETE<\/strong>, el s\u00e1bado 30 de abril en Austin, Texas.<\/p><p>Nueve conferencistas de alto impacto y reconocimiento internacional compartieron sus experiencias y trayectorias para ayudar a las nuevas generaciones de emprendedores a perseguir sus sue\u00f1os, una de ellas fue Idalis Bailey quien habl\u00f3 del poder e impacto que tienen las conexiones profesionales para el posicionamiento de una marca.<\/p><p>Adem\u00e1s, Idalis recibi\u00f3 un reconocimiento como Speaker demostrando su liderazgo y experiencia profesional como una emprendedora \u00e9xitosa.<\/p>\t\t\t\t\t\t\t\t<\/div>\n\t\t\t\t<\/div>\n\t\t\t\t\t<\/div>\n\t\t<\/div>\n\t\t\t\t<div class=\"elementor-column elementor-col-50 elementor-top-column elementor-element elementor-element-5d0964e\" data-id=\"5d0964e\" data-element_type=\"column\">\n\t\t\t<div class=\"elementor-widget-wrap elementor-element-populated\">\n\t\t\t\t\t\t<div class=\"elementor-element elementor-element-0ebb727 elementor-widget elementor-widget-image\" data-id=\"0ebb727\" data-element_type=\"widget\" data-widget_type=\"image.default\">\n\t\t\t\t<div class=\"elementor-widget-container\">\n\t\t\t\t\t\t\t\t\t\t\t\t\t\t\t<img fetchpriority=\"high\" decoding=\"async\" width=\"1024\" height=\"964\" src=\"https:\/\/idalisbeautysavvy.com\/wp-content\/uploads\/2022\/05\/mujeres-que-se-atreven.jpeg\" class=\"attachment-large size-large wp-image-4025\" alt=\"\" srcset=\"https:\/\/idalisbeautysavvy.com\/wp-content\/uploads\/2022\/05\/mujeres-que-se-atreven.jpeg 1024w, https:\/\/idalisbeautysavvy.com\/wp-content\/uploads\/2022\/05\/mujeres-que-se-atreven-300x282.jpeg 300w, https:\/\/idalisbeautysavvy.com\/wp-content\/uploads\/2022\/05\/mujeres-que-se-atreven-768x723.jpeg 768w, https:\/\/idalisbeautysavvy.com\/wp-content\/uploads\/2022\/05\/mujeres-que-se-atreven-600x565.jpeg 600w\" sizes=\"(max-width: 1024px) 100vw, 1024px\" \/>\t\t\t\t\t\t\t\t\t\t\t\t\t\t\t<\/div>\n\t\t\t\t<\/div>\n\t\t\t\t\t<\/div>\n\t\t<\/div>\n\t\t\t\t\t<\/div>\n\t\t<\/section>\n\t\t\t\t<\/div>","protected":false},"excerpt":{"rendered":"excerpt","protected":false},"author":1,"featured_media":0,"parent":0,"menu_order":0,"comment_status":"closed","ping_status":"closed","template":"","meta":{"episode_type":"","audio_file":"","podmotor_file_id":"","podmotor_episode_id":"","cover_image":"","cover_image_id":"","duration":"","filesize":"","filesize_raw":"","date_recorded":"","explicit":"","block":"","generate_page_header":"","footnotes":""},"class_list":["post-4023","page","type-page","status-publish"],"rttpg_featured_image_url":null,"rttpg_author":{"display_name":"Idalis Bailey","author_link":"https:\/\/idalisbeautysavvy.com\/en\/author\/admin\/"},"rttpg_comment":0,"rttpg_category":null,"rttpg_excerpt":"Mujeres que se atreven y superan l\u00edmites La plataforma de emprendimiento, liderazgo e inspiraci\u00f3n \u00abMujeres Que Se Atreven y Superan L\u00edmites\u00bb llevaron a cabo su conferencia SUP\u00c9RATE Y ATR\u00c9VETE, el ... LEER MASReconocimiento Mujeres que se atreven","_links":{"self":[{"href":"https:\/\/idalisbeautysavvy.com\/en\/wp-json\/wp\/v2\/pages\/4023","targetHints":{"allow":["GET"]}}],"collection":[{"href":"https:\/\/idalisbeautysavvy.com\/en\/wp-json\/wp\/v2\/pages"}],"about":[{"href":"https:\/\/idalisbeautysavvy.com\/en\/wp-json\/wp\/v2\/types\/page"}],"author":[{"embeddable":true,"href":"https:\/\/idalisbeautysavvy.com\/en\/wp-json\/wp\/v2\/users\/1"}],"replies":[{"embeddable":true,"href":"https:\/\/idalisbeautysavvy.com\/en\/wp-json\/wp\/v2\/comments?post=4023"}],"version-history":[{"count":4,"href":"https:\/\/idalisbeautysavvy.com\/en\/wp-json\/wp\/v2\/pages\/4023\/revisions"}],"predecessor-version":[{"id":4028,"href":"https:\/\/idalisbeautysavvy.com\/en\/wp-json\/wp\/v2\/pages\/4023\/revisions\/4028"}],"wp:attachment":[{"href":"https:\/\/idalisbeautysavvy.com\/en\/wp-json\/wp\/v2\/media?parent=4023"}],"curies":[{"name":"wp","href":"https:\/\/api.w.org\/{rel}","templated":true}]}}