{"id":1842,"date":"2021-02-23T07:49:26","date_gmt":"2021-02-23T12:49:26","guid":{"rendered":"https:\/\/idalisbeautysavvy.com\/?page_id=1842"},"modified":"2021-05-14T11:49:13","modified_gmt":"2021-05-14T15:49:13","slug":"curso-salud-bienestar-y-estetica-oncologica","status":"publish","type":"page","link":"https:\/\/idalisbeautysavvy.com\/en\/curso-salud-bienestar-y-estetica-oncologica\/","title":{"rendered":"Curso Salud, Bienestar y Est\u00e9tica Oncol\u00f3gica"},"content":{"rendered":"\t\t<div data-elementor-type=\"wp-page\" data-elementor-id=\"1842\" class=\"elementor elementor-1842\" data-elementor-post-type=\"page\">\n\t\t\t\t\t\t<section class=\"elementor-section elementor-top-section elementor-element elementor-element-8f80fa4 elementor-section-boxed elementor-section-height-default elementor-section-height-default\" data-id=\"8f80fa4\" data-element_type=\"section\">\n\t\t\t\t\t\t<div class=\"elementor-container elementor-column-gap-default\">\n\t\t\t\t\t<div class=\"elementor-column elementor-col-50 elementor-top-column elementor-element elementor-element-cdbbe1f\" data-id=\"cdbbe1f\" data-element_type=\"column\">\n\t\t\t<div class=\"elementor-widget-wrap elementor-element-populated\">\n\t\t\t\t\t\t<div class=\"elementor-element elementor-element-9f5f93b elementor-widget elementor-widget-image\" data-id=\"9f5f93b\" data-element_type=\"widget\" data-widget_type=\"image.default\">\n\t\t\t\t<div class=\"elementor-widget-container\">\n\t\t\t\t\t\t\t\t\t\t\t\t\t\t\t<img fetchpriority=\"high\" decoding=\"async\" width=\"1000\" height=\"692\" src=\"https:\/\/idalisbeautysavvy.com\/wp-content\/uploads\/2021\/05\/curso-estetica-oncologica4.jpg\" class=\"attachment-large size-large wp-image-2443\" alt=\"\" srcset=\"https:\/\/idalisbeautysavvy.com\/wp-content\/uploads\/2021\/05\/curso-estetica-oncologica4.jpg 1000w, https:\/\/idalisbeautysavvy.com\/wp-content\/uploads\/2021\/05\/curso-estetica-oncologica4-300x208.jpg 300w, https:\/\/idalisbeautysavvy.com\/wp-content\/uploads\/2021\/05\/curso-estetica-oncologica4-768x531.jpg 768w, https:\/\/idalisbeautysavvy.com\/wp-content\/uploads\/2021\/05\/curso-estetica-oncologica4-600x415.jpg 600w\" sizes=\"(max-width: 1000px) 100vw, 1000px\" \/>\t\t\t\t\t\t\t\t\t\t\t\t\t\t\t<\/div>\n\t\t\t\t<\/div>\n\t\t\t\t<div class=\"elementor-element elementor-element-21e21b4 elementor-widget elementor-widget-image\" data-id=\"21e21b4\" data-element_type=\"widget\" data-widget_type=\"image.default\">\n\t\t\t\t<div class=\"elementor-widget-container\">\n\t\t\t\t\t\t\t\t\t\t\t\t\t\t\t<img decoding=\"async\" width=\"860\" height=\"745\" src=\"https:\/\/idalisbeautysavvy.com\/wp-content\/uploads\/2021\/02\/SPEAKERS.jpg\" class=\"attachment-large size-large wp-image-1888\" alt=\"\" srcset=\"https:\/\/idalisbeautysavvy.com\/wp-content\/uploads\/2021\/02\/SPEAKERS.jpg 860w, https:\/\/idalisbeautysavvy.com\/wp-content\/uploads\/2021\/02\/SPEAKERS-300x260.jpg 300w, https:\/\/idalisbeautysavvy.com\/wp-content\/uploads\/2021\/02\/SPEAKERS-768x665.jpg 768w, https:\/\/idalisbeautysavvy.com\/wp-content\/uploads\/2021\/02\/SPEAKERS-600x520.jpg 600w\" sizes=\"(max-width: 860px) 100vw, 860px\" \/>\t\t\t\t\t\t\t\t\t\t\t\t\t\t\t<\/div>\n\t\t\t\t<\/div>\n\t\t\t\t\t<\/div>\n\t\t<\/div>\n\t\t\t\t<div class=\"elementor-column elementor-col-50 elementor-top-column elementor-element elementor-element-67c5cc4\" data-id=\"67c5cc4\" data-element_type=\"column\">\n\t\t\t<div class=\"elementor-widget-wrap elementor-element-populated\">\n\t\t\t\t\t\t<div class=\"elementor-element elementor-element-c1fb381 elementor-widget elementor-widget-heading\" data-id=\"c1fb381\" data-element_type=\"widget\" data-widget_type=\"heading.default\">\n\t\t\t\t<div class=\"elementor-widget-container\">\n\t\t\t\t\t<h1 class=\"elementor-heading-title elementor-size-default\">Curso Internacional de Salud, bienestar y Est\u00e9tica Oncol\u00f3gica<\/h1>\t\t\t\t<\/div>\n\t\t\t\t<\/div>\n\t\t\t\t<div class=\"elementor-element elementor-element-e9cb43c elementor-widget elementor-widget-text-editor\" data-id=\"e9cb43c\" data-element_type=\"widget\" data-widget_type=\"text-editor.default\">\n\t\t\t\t<div class=\"elementor-widget-container\">\n\t\t\t\t\t\t\t\t\t<p>El curso dise\u00f1ado&nbsp; para actualizarte en las \u00faltimos tendencias en pacientes Oncol\u00f3gicos. Aprender\u00e1s t\u00e9cnicas innovadoras que har\u00e1n de tu labor una experiencia \u00fanica.<\/p>\t\t\t\t\t\t\t\t<\/div>\n\t\t\t\t<\/div>\n\t\t\t\t<div class=\"elementor-element elementor-element-6db0a13 elementor-widget elementor-widget-heading\" data-id=\"6db0a13\" data-element_type=\"widget\" data-widget_type=\"heading.default\">\n\t\t\t\t<div class=\"elementor-widget-container\">\n\t\t\t\t\t<h2 class=\"elementor-heading-title elementor-size-large\">OPEN HOUSE: JUNIO 7<br>Si est\u00e1s interesado d\u00e9janos tus datos<\/h2>\t\t\t\t<\/div>\n\t\t\t\t<\/div>\n\t\t\t\t<div class=\"elementor-element elementor-element-ba65180 elementor-button-align-stretch elementor-widget elementor-widget-form\" data-id=\"ba65180\" data-element_type=\"widget\" data-settings=\"{&quot;step_next_label&quot;:&quot;Next&quot;,&quot;step_previous_label&quot;:&quot;Previous&quot;,&quot;button_width&quot;:&quot;100&quot;,&quot;step_type&quot;:&quot;number_text&quot;,&quot;step_icon_shape&quot;:&quot;circle&quot;}\" data-widget_type=\"form.default\">\n\t\t\t\t<div class=\"elementor-widget-container\">\n\t\t\t\t\t\t\t<form class=\"elementor-form\" method=\"post\" name=\"New Form\">\n\t\t\t<input type=\"hidden\" name=\"post_id\" value=\"1842\"\/>\n\t\t\t<input type=\"hidden\" name=\"form_id\" value=\"ba65180\"\/>\n\t\t\t<input type=\"hidden\" name=\"referer_title\" value=\"\" \/>\n\n\t\t\t\n\t\t\t<div class=\"elementor-form-fields-wrapper elementor-labels-above\">\n\t\t\t\t\t\t\t\t<div class=\"elementor-field-type-text elementor-field-group elementor-column elementor-field-group-name elementor-col-100\">\n\t\t\t\t\t\t\t\t\t\t\t\t<label for=\"form-field-name\" class=\"elementor-field-label\">\n\t\t\t\t\t\t\t\tNombre\t\t\t\t\t\t\t<\/label>\n\t\t\t\t\t\t\t\t\t\t\t\t\t\t<input size=\"1\" type=\"text\" name=\"form_fields[name]\" id=\"form-field-name\" class=\"elementor-field elementor-size-sm  elementor-field-textual\" placeholder=\"Nombre\">\n\t\t\t\t\t\t\t\t\t\t\t<\/div>\n\t\t\t\t\t\t\t\t<div class=\"elementor-field-type-email elementor-field-group elementor-column elementor-field-group-email elementor-col-100 elementor-field-required\">\n\t\t\t\t\t\t\t\t\t\t\t\t<label for=\"form-field-email\" class=\"elementor-field-label\">\n\t\t\t\t\t\t\t\tEmail\t\t\t\t\t\t\t<\/label>\n\t\t\t\t\t\t\t\t\t\t\t\t\t\t<input size=\"1\" type=\"email\" name=\"form_fields[email]\" id=\"form-field-email\" class=\"elementor-field elementor-size-sm  elementor-field-textual\" placeholder=\"Email\" required=\"required\" aria-required=\"true\">\n\t\t\t\t\t\t\t\t\t\t\t<\/div>\n\t\t\t\t\t\t\t\t<div class=\"elementor-field-type-tel elementor-field-group elementor-column elementor-field-group-field_8400ba7 elementor-col-50\">\n\t\t\t\t\t\t\t\t\t\t\t\t<label for=\"form-field-field_8400ba7\" class=\"elementor-field-label\">\n\t\t\t\t\t\t\t\tWhatsApp\t\t\t\t\t\t\t<\/label>\n\t\t\t\t\t\t\t\t<input size=\"1\" type=\"tel\" name=\"form_fields[field_8400ba7]\" id=\"form-field-field_8400ba7\" class=\"elementor-field elementor-size-sm  elementor-field-textual\" placeholder=\"Incluye el indicativo de tu pais\" pattern=\"[0-9()#&amp;+*-=.]+\" title=\"Only numbers and phone characters (#, -, *, etc) are accepted.\">\n\n\t\t\t\t\t\t<\/div>\n\t\t\t\t\t\t\t\t<div class=\"elementor-field-type-text elementor-field-group elementor-column elementor-field-group-field_c9ccb44 elementor-col-50 elementor-field-required\">\n\t\t\t\t\t\t\t\t\t\t\t\t<label for=\"form-field-field_c9ccb44\" class=\"elementor-field-label\">\n\t\t\t\t\t\t\t\tCiudad y Pa\u00eds\t\t\t\t\t\t\t<\/label>\n\t\t\t\t\t\t\t\t\t\t\t\t\t\t<input size=\"1\" type=\"text\" name=\"form_fields[field_c9ccb44]\" id=\"form-field-field_c9ccb44\" class=\"elementor-field elementor-size-sm  elementor-field-textual\" placeholder=\"Dinos de donde eres...\" required=\"required\" aria-required=\"true\">\n\t\t\t\t\t\t\t\t\t\t\t<\/div>\n\t\t\t\t\t\t\t\t<div class=\"elementor-field-type-textarea elementor-field-group elementor-column elementor-field-group-message elementor-col-100\">\n\t\t\t\t\t\t\t\t\t\t\t\t<label for=\"form-field-message\" class=\"elementor-field-label\">\n\t\t\t\t\t\t\t\tMensaje\t\t\t\t\t\t\t<\/label>\n\t\t\t\t\t\t<textarea class=\"elementor-field-textual elementor-field  elementor-size-sm\" name=\"form_fields[message]\" id=\"form-field-message\" rows=\"3\" placeholder=\"Mensaje\"><\/textarea>\t\t\t\t<\/div>\n\t\t\t\t\t\t\t\t<div class=\"elementor-field-group elementor-column elementor-field-type-submit elementor-col-100 e-form__buttons\">\n\t\t\t\t\t<button class=\"elementor-button elementor-size-sm\" type=\"submit\">\n\t\t\t\t\t\t<span class=\"elementor-button-content-wrapper\">\n\t\t\t\t\t\t\t\t\t\t\t\t\t\t\t\t\t\t\t\t\t\t<span class=\"elementor-button-text\">ENVIAR<\/span>\n\t\t\t\t\t\t\t\t\t\t\t\t\t<\/span>\n\t\t\t\t\t<\/button>\n\t\t\t\t<\/div>\n\t\t\t<\/div>\n\t\t<\/form>\n\t\t\t\t\t\t<\/div>\n\t\t\t\t<\/div>\n\t\t\t\t\t<\/div>\n\t\t<\/div>\n\t\t\t\t\t<\/div>\n\t\t<\/section>\n\t\t\t\t<\/div>\n\t\t","protected":false},"excerpt":{"rendered":"excerpt","protected":false},"author":1,"featured_media":0,"parent":0,"menu_order":0,"comment_status":"closed","ping_status":"closed","template":"elementor_canvas","meta":{"episode_type":"","audio_file":"","podmotor_file_id":"","podmotor_episode_id":"","cover_image":"","cover_image_id":"","duration":"","filesize":"","filesize_raw":"","date_recorded":"","explicit":"","block":"","generate_page_header":"","footnotes":""},"class_list":["post-1842","page","type-page","status-publish"],"rttpg_featured_image_url":null,"rttpg_author":{"display_name":"Idalis Bailey","author_link":"https:\/\/idalisbeautysavvy.com\/en\/author\/admin\/"},"rttpg_comment":0,"rttpg_category":null,"rttpg_excerpt":"Curso Internacional de Salud, bienestar y Est\u00e9tica Oncol\u00f3gica El curso dise\u00f1ado&nbsp; para actualizarte en las \u00faltimos tendencias en pacientes Oncol\u00f3gicos. Aprender\u00e1s t\u00e9cnicas innovadoras que har\u00e1n de tu labor una experiencia ... LEER MASCurso Salud, Bienestar y Est\u00e9tica Oncol\u00f3gica","_links":{"self":[{"href":"https:\/\/idalisbeautysavvy.com\/en\/wp-json\/wp\/v2\/pages\/1842","targetHints":{"allow":["GET"]}}],"collection":[{"href":"https:\/\/idalisbeautysavvy.com\/en\/wp-json\/wp\/v2\/pages"}],"about":[{"href":"https:\/\/idalisbeautysavvy.com\/en\/wp-json\/wp\/v2\/types\/page"}],"author":[{"embeddable":true,"href":"https:\/\/idalisbeautysavvy.com\/en\/wp-json\/wp\/v2\/users\/1"}],"replies":[{"embeddable":true,"href":"https:\/\/idalisbeautysavvy.com\/en\/wp-json\/wp\/v2\/comments?post=1842"}],"version-history":[{"count":25,"href":"https:\/\/idalisbeautysavvy.com\/en\/wp-json\/wp\/v2\/pages\/1842\/revisions"}],"predecessor-version":[{"id":2456,"href":"https:\/\/idalisbeautysavvy.com\/en\/wp-json\/wp\/v2\/pages\/1842\/revisions\/2456"}],"wp:attachment":[{"href":"https:\/\/idalisbeautysavvy.com\/en\/wp-json\/wp\/v2\/media?parent=1842"}],"curies":[{"name":"wp","href":"https:\/\/api.w.org\/{rel}","templated":true}]}}