{"id":1517,"date":"2021-02-06T16:15:24","date_gmt":"2021-02-06T21:15:24","guid":{"rendered":"https:\/\/idalisbeautysavvy.com\/?page_id=1517"},"modified":"2021-02-07T06:25:25","modified_gmt":"2021-02-07T11:25:25","slug":"eventos-anteriores","status":"publish","type":"page","link":"https:\/\/idalisbeautysavvy.com\/en\/eventos-anteriores\/","title":{"rendered":"Eventos anteriores"},"content":{"rendered":"<div data-elementor-type=\"wp-page\" data-elementor-id=\"1517\" class=\"elementor elementor-1517\" data-elementor-post-type=\"page\">\n\t\t\t\t\t\t<section class=\"elementor-section elementor-top-section elementor-element elementor-element-fc3df89 elementor-section-full_width elementor-section-stretched elementor-section-height-default elementor-section-height-default\" data-id=\"fc3df89\" data-element_type=\"section\" data-settings=\"{&quot;stretch_section&quot;:&quot;section-stretched&quot;,&quot;background_background&quot;:&quot;classic&quot;}\">\n\t\t\t\t\t\t\t<div class=\"elementor-background-overlay\"><\/div>\n\t\t\t\t\t\t\t<div class=\"elementor-container elementor-column-gap-default\">\n\t\t\t\t\t<div class=\"elementor-column elementor-col-100 elementor-top-column elementor-element elementor-element-d8a0485\" data-id=\"d8a0485\" data-element_type=\"column\">\n\t\t\t<div class=\"elementor-widget-wrap elementor-element-populated\">\n\t\t\t\t\t\t<div class=\"elementor-element elementor-element-22ea2c0 elementor-widget elementor-widget-heading\" data-id=\"22ea2c0\" data-element_type=\"widget\" data-widget_type=\"heading.default\">\n\t\t\t\t<div class=\"elementor-widget-container\">\n\t\t\t\t\t<h1 class=\"elementor-heading-title elementor-size-default\">Eventos Exitosos<\/h1>\t\t\t\t<\/div>\n\t\t\t\t<\/div>\n\t\t\t\t\t<\/div>\n\t\t<\/div>\n\t\t\t\t\t<\/div>\n\t\t<\/section>\n\t\t\t\t<section class=\"elementor-section elementor-top-section elementor-element elementor-element-e4b18df elementor-section-boxed elementor-section-height-default elementor-section-height-default\" data-id=\"e4b18df\" data-element_type=\"section\">\n\t\t\t\t\t\t<div class=\"elementor-container elementor-column-gap-default\">\n\t\t\t\t\t<div class=\"elementor-column elementor-col-100 elementor-top-column elementor-element elementor-element-6e075b7d\" data-id=\"6e075b7d\" data-element_type=\"column\">\n\t\t\t<div class=\"elementor-widget-wrap elementor-element-populated\">\n\t\t\t\t\t\t<div class=\"elementor-element elementor-element-ceb0961 elementor-widget elementor-widget-text-editor\" data-id=\"ceb0961\" data-element_type=\"widget\" data-widget_type=\"text-editor.default\">\n\t\t\t\t<div class=\"elementor-widget-container\">\n\t\t\t\t\t\t\t\t\t<style type='text\/css' media='all'>#rt-tpg-container-322475564 .rt-holder .rt-woo-info .price{color:#8a9354;}body .rt-tpg-container .rt-tpg-isotope-buttons .selected,\n\t\t\t\t\t#rt-tpg-container-322475564 .layout12 .rt-holder:hover .rt-detail,\n\t\t\t\t\t#rt-tpg-container-322475564 .isotope8 .rt-holder:hover .rt-detail,\n\t\t\t\t\t#rt-tpg-container-322475564 .carousel8 .rt-holder:hover .rt-detail,\n\t\t\t\t\t#rt-tpg-container-322475564 .layout13 .rt-holder .overlay .post-info,\n\t\t\t\t\t#rt-tpg-container-322475564 .isotope9 .rt-holder .overlay .post-info,\n\t\t\t\t\t#rt-tpg-container-322475564.rt-tpg-container .layout4 .rt-holder .rt-detail,\n\t\t\t\t\t.rt-modal-322475564 .md-content,\n\t\t\t\t\t.rt-modal-322475564 .md-content > .rt-md-content-holder .rt-md-content,\n\t\t\t\t\t.rt-popup-wrap-322475564.rt-popup-wrap .rt-popup-navigation-wrap,\n\t\t\t\t\t#rt-tpg-container-322475564 .carousel9 .rt-holder .overlay .post-info{background-color:#8a9354;}#rt-tpg-container-322475564 .layout5 .rt-holder .overlay, #rt-tpg-container-322475564 .isotope2 .rt-holder .overlay, #rt-tpg-container-322475564 .carousel2 .rt-holder .overlay,#rt-tpg-container-322475564 .layout15 .rt-holder h3, #rt-tpg-container-322475564 .isotope11 .rt-holder h3, #rt-tpg-container-322475564 .carousel11 .rt-holder h3, #rt-tpg-container-322475564 .layout16 .rt-holder h3,\n\t\t\t\t\t#rt-tpg-container-322475564 .isotope12 .rt-holder h3, #rt-tpg-container-322475564 .carousel12 .rt-holder h3 {background-color:rgba(138,147,84,0.8);}#rt-tpg-container-322475564 .pagination-list li a,\n\t\t\t\t\trt-tpg-container-322475564 .pagination-list li span,\n\t\t\t\t\trt-tpg-container-322475564 .pagination li a,\n\t\t\t\t\t#rt-tpg-container-322475564 .rt-tpg-isotope-buttons button,\n\t\t\t\t\t#rt-tpg-container-322475564 .rt-tpg-utility .rt-tpg-load-more button,\n\t\t\t\t\t#rt-tpg-container-322475564.rt-tpg-container .swiper-navigation .slider-btn,\n\t\t\t\t\t#rt-tpg-container-322475564.rt-tpg-container .swiper-pagination-bullet,\n\t\t\t\t\t#rt-tpg-container-322475564 .wc1 .rt-holder .rt-img-holder .overlay .product-more ul li a,\n\t\t\t\t\t#rt-tpg-container-322475564 .wc2 .rt-detail .rt-wc-add-to-cart,\n\t\t\t\t\t#rt-tpg-container-322475564 .wc3 .rt-detail .rt-wc-add-to-cart,\n\t\t\t\t\t#rt-tpg-container-322475564 .wc4 .rt-detail .rt-wc-add-to-cart,\n\t\t\t\t\t#rt-tpg-container-322475564 .wc-carousel2 .rt-detail .rt-wc-add-to-cart,\n\t\t\t\t\t#rt-tpg-container-322475564 .wc-isotope2 .rt-detail .rt-wc-add-to-cart,\n\t\t\t\t\t#rt-tpg-container-322475564 .rt-layout-filter-container .rt-filter-wrap .rt-filter-item-wrap.rt-filter-dropdown-wrap .rt-filter-dropdown,\n\t\t\t\t\t#rt-tpg-container-322475564 .rt-layout-filter-container .rt-filter-sub-tax.sub-button-group .rt-filter-button-item,\n\t\t\t\t\t#rt-tpg-container-322475564.rt-tpg-container .rt-pagination-wrap .rt-page-numbers .paginationjs .paginationjs-pages ul li>a,\n\t\t\t\t\t#rt-tpg-container-322475564 .rt-filter-item-wrap.rt-filter-button-wrap span.rt-filter-button-item,\n\t\t\t\t\t#rt-tpg-container-322475564.rt-tpg-container .rt-pagination-wrap  .rt-loadmore-btn,\n\t\t\t\t\t#rt-tpg-container-322475564.rt-tpg-container .rt-pagination-wrap .rt-cb-page-prev-next > *,\n\t\t\t\t\t#rt-tpg-container-322475564 .rt-read-more,\n\t\t\t\t\t#rt-tooltip-322475564, #rt-tooltip-322475564 .rt-tooltip-bottom:after{background-color:#8a9354;}#rt-tpg-container-322475564 .rt-filter-item-wrap.rt-filter-button-wrap span.rt-filter-button-item,\n\t\t\t\t\t#rt-tpg-container-322475564 .rt-layout-filter-container .rt-filter-sub-tax.sub-button-group .rt-filter-button-item{border-color:#8a9354;}#rt-tpg-container-322475564.rt-tpg-container .layout17 .rt-holder .overlay a.tpg-zoom .fa{color:#8a9354;}#rt-tpg-container-322475564 .rt-holder .read-more a {background-color:#8a9354;padding: 8px 15px;}#rt-tpg-container-322475564 .pagination li.active span,\n\t\t\t\t\t#rt-tpg-container-322475564 .pagination-list li.active span,\n\t\t\t\t\t#rt-tpg-container-322475564 .rt-tpg-isotope-buttons button.selected,\n\t\t\t\t\t#rt-tpg-container-322475564 .rt-filter-item-wrap.rt-filter-button-wrap span.rt-filter-button-item.selected,\n\t\t\t\t\t#rt-tpg-container-322475564 .rt-layout-filter-container .rt-filter-sub-tax.sub-button-group .rt-filter-button-item.selected,\n\t\t\t\t\t#rt-tpg-container-322475564.rt-tpg-container .rt-pagination-wrap .rt-page-numbers .paginationjs .paginationjs-pages ul li.active>a,\n\t\t\t\t\t#rt-tpg-container-322475564.rt-tpg-container .swiper-pagination-bullet.swiper-pagination-bullet-active-main{background-color:#608223;}#rt-tpg-container-322475564 .rt-filter-item-wrap.rt-filter-button-wrap span.rt-filter-button-item.selected,\n\t\t\t\t\t#rt-tpg-container-322475564 .rt-layout-filter-container .rt-filter-sub-tax.sub-button-group .rt-filter-button-item.selected,\n\t\t\t\t\t#rt-tpg-container-322475564.rt-tpg-container .rt-pagination-wrap .rt-page-numbers .paginationjs .paginationjs-pages ul li.active>a{border-color:#608223;}#rt-tpg-container-322475564 .pagination-list li a,\n\t\t\t\t\t#rt-tpg-container-322475564 .pagination li a,\n\t\t\t\t\t#rt-tpg-container-322475564 .rt-tpg-isotope-buttons button,\n\t\t\t\t\t#rt-tpg-container-322475564 .rt-holder .read-more a,\n\t\t\t\t\t#rt-tpg-container-322475564 .rt-tpg-utility .rt-tpg-load-more button,\n\t\t\t\t\t#rt-tpg-container-322475564.rt-tpg-container .swiper-navigation .slider-btn,\n\t\t\t\t\t#rt-tpg-container-322475564 .wc1 .rt-holder .rt-img-holder .overlay .product-more ul li a,\n\t\t\t\t\t#rt-tpg-container-322475564 .edd1 .rt-holder .rt-img-holder .overlay .product-more ul li a,\n\t\t\t\t\t#rt-tpg-container-322475564 .wc2 .rt-detail .rt-wc-add-to-cart,\n\t\t\t\t\t#rt-tpg-container-322475564 .wc3 .rt-detail .rt-wc-add-to-cart,\n\t\t\t\t\t#rt-tpg-container-322475564 .edd2 .rt-detail .rt-wc-add-to-cart,\n\t\t\t\t\t#rt-tpg-container-322475564 .wc4 .rt-detail .rt-wc-add-to-cart,\n\t\t\t\t\t#rt-tpg-container-322475564 .edd3 .rt-detail .rt-wc-add-to-cart,\n\t\t\t\t\t#rt-tpg-container-322475564 .wc-carousel2 .rt-detail .rt-wc-add-to-cart,\n\t\t\t\t\t#rt-tpg-container-322475564 .wc-isotope2 .rt-detail .rt-wc-add-to-cart,\n\t\t\t\t\t#rt-tpg-container-322475564 .rt-tpg-utility .rt-tpg-load-more button,\n\t\t\t\t\t#rt-tooltip-322475564,\n\t\t\t\t\t#rt-tpg-container-322475564 .rt-filter-item-wrap.rt-filter-button-wrap span.rt-filter-button-item,\n\t\t\t\t\t#rt-tpg-container-322475564 .rt-layout-filter-container .rt-filter-sub-tax.sub-button-group .rt-filter-button-item,\n\t\t\t\t\t#rt-tpg-container-322475564 .rt-layout-filter-container .rt-filter-wrap .rt-filter-item-wrap.rt-sort-order-action,\n\t\t\t\t\t#rt-tpg-container-322475564 .rt-layout-filter-container .rt-filter-wrap .rt-filter-item-wrap.rt-filter-dropdown-wrap .rt-filter-dropdown .rt-filter-dropdown-item,\n\t\t\t\t\t#rt-tpg-container-322475564.rt-tpg-container .rt-pagination-wrap .rt-page-numbers .paginationjs .paginationjs-pages ul li>a,\n\t\t\t\t\t#rt-tpg-container-322475564.rt-tpg-container .rt-pagination-wrap .rt-cb-page-prev-next > *,\n\t\t\t\t\t#rt-tpg-container-322475564.rt-tpg-container .rt-pagination-wrap  .rt-loadmore-btn,\n\t\t\t\t\t#rt-tpg-container-322475564 .rt-read-more,\n\t\t\t\t\t#rt-tooltip-322475564 .rt-tooltip-bottom:after{color:#ffffff;}#rt-tpg-container-322475564 .read-more a{border-radius:5px;}#rt-tpg-container-322475564 .rt-img-holder img.rt-img-responsive,#rt-tpg-container-322475564 .rt-img-holder,\n\t\t\t\t\t#rt-tpg-container-322475564 .rt-post-overlay .post-img,\n\t\t\t\t\t#rt-tpg-container-322475564 .post-sm .post-img,\n\t\t\t\t\t#rt-tpg-container-322475564 .rt-post-grid .post-img,\n\t\t\t\t\t#rt-tpg-container-322475564 .post-img img {border-radius:px;}#rt-tpg-container-322475564 .layout1 .rt-holder h2.entry-title,\n\t\t\t\t\t#rt-tpg-container-322475564 .layout1 .rt-holder h3.entry-title,\n\t\t\t\t\t#rt-tpg-container-322475564 .layout1 .rt-holder h4.entry-title,\n\t\t\t\t\t#rt-tpg-container-322475564 .layout1 .rt-holder h2.entry-title a,\n\t\t\t\t\t#rt-tpg-container-322475564 .layout1 .rt-holder h3.entry-title a,\n\t\t\t\t\t#rt-tpg-container-322475564 .layout1 .rt-holder h4.entry-title a,\n\t\t\t\t\t#rt-tpg-container-322475564 .rt-holder .rt-woo-info h2 a,\n\t\t\t\t\t#rt-tpg-container-322475564 .rt-holder .rt-woo-info h3 a,\n\t\t\t\t\t#rt-tpg-container-322475564 .rt-holder .rt-woo-info h4 a,\n\t\t\t\t\t#rt-tpg-container-322475564 .post-content .post-title,\n\t\t\t\t\t#rt-tpg-container-322475564 .rt-post-grid .post-title,\n\t\t\t\t\t#rt-tpg-container-322475564 .rt-post-grid .post-title a,\n\t\t\t\t\t#rt-tpg-container-322475564 .post-content .post-title a,\n\t\t\t\t\t#rt-tpg-container-322475564 .rt-holder .rt-woo-info h2,\n\t\t\t\t\t#rt-tpg-container-322475564 .rt-holder .rt-woo-info h3,\n\t\t\t\t\t#rt-tpg-container-322475564 .rt-holder .rt-woo-info h4{color:#8a9354;}#rt-tpg-container-322475564 .layout1 .rt-holder h2.entry-title:hover,\n\t\t\t\t\t#rt-tpg-container-322475564 .layout1 .rt-holder h3.entry-title:hover,\n\t\t\t\t\t#rt-tpg-container-322475564 .layout1 .rt-holder h4.entry-title:hover,\n\t\t\t\t\t#rt-tpg-container-322475564 .layout1 .rt-holder h2.entry-title a:hover,\n\t\t\t\t\t#rt-tpg-container-322475564 .layout1 .rt-holder h3.entry-title a:hover,\n\t\t\t\t\t#rt-tpg-container-322475564 .layout1 .rt-holder h4.entry-title a:hover,\n\t\t\t\t\t#rt-tpg-container-322475564 .post-content .post-title a:hover,\n\t\t\t\t\t#rt-tpg-container-322475564 .rt-post-grid .post-title a:hover,\n\t\t\t\t\t#rt-tpg-container-322475564 .rt-holder .rt-woo-info h2 a:hover,\n\t\t\t\t\t#rt-tpg-container-322475564 .rt-holder .rt-woo-info h3 a:hover,\n\t\t\t\t\t#rt-tpg-container-322475564 .rt-holder .rt-woo-info h4 a:hover,\n\t\t\t\t\t#rt-tpg-container-322475564 .rt-holder .rt-woo-info h2:hover,\n\t\t\t\t\t#rt-tpg-container-322475564 .rt-holder .rt-woo-info h3:hover,\n\t\t\t\t\t#rt-tpg-container-322475564 .rt-holder .rt-woo-info h4:hover{color:#a05e86 !important;}<\/style>\n<div class='rt-container-fluid rt-tpg-container tpg-shortcode-main-wrapper' id='rt-tpg-container-322475564'   data-layout='layout1' data-grid-style='even' data-desktop-col='2'  data-tab-col='2'  data-mobile-col='1' data-sc-id='1516'>\n<div data-title='Loading ...' class='rt-row rt-content-loader   layout1 tpg-even'>\n<div class=\"rt-col-md-6 rt-col-sm-6 rt-col-xs-12 even-grid-item rt-grid-item\" data-id=\"2147\">\n<div class=\"rt-holder\">\n<div class=\"rt-img-holder\"><a data-id=\"2147\" class=\"\" href=\"https:\/\/idalisbeautysavvy.com\/en\/global-netoworking-feb-2021\/\"><img fetchpriority=\"high\" decoding=\"async\" width=\"1024\" height=\"576\" src=\"https:\/\/idalisbeautysavvy.com\/wp-content\/uploads\/2021\/03\/portada-youtube-1024x576.jpg\" class=\"rt-img-responsive\" alt=\"\" \/><\/a><\/div>\n<div class='rt-detail'>\n<h2 class=\"entry-title\"><a data-id=\"2147\" class=\"\" href=\"https:\/\/idalisbeautysavvy.com\/en\/global-netoworking-feb-2021\/\">Global Networking February 2021<\/a><\/h2>\n<div class='post-meta-user'><span class='author'><i class='fa fa-user'><\/i><a href=\"https:\/\/idalisbeautysavvy.com\/en\/author\/admin\/\">Idalis Bailey<\/a><\/span><span class='date'><i class='far fa-calendar-alt'><\/i>March 20, 2021<\/span><\/div>\n<div class='tpg-excerpt'>El pasado 23 de febrero tuvimos nuestro evento de Networking Internacional gracias a nuestro VIP Sponsor Mauricio Vega, Influencer, fundador y director de LATINPLUGEn donde tres&#8230;<\/div>\n<div class='post-meta'><span class='read-more'><a data-id='2147' class='' href='https:\/\/idalisbeautysavvy.com\/en\/global-netoworking-feb-2021\/'>Read More<\/a><\/span><\/div>\n<\/div>\n<\/div>\n<\/div>\n<div class=\"rt-col-md-6 rt-col-sm-6 rt-col-xs-12 even-grid-item rt-grid-item\" data-id=\"1621\">\n<div class=\"rt-holder\">\n<div class=\"rt-img-holder\"><a data-id=\"1621\" class=\"\" href=\"https:\/\/idalisbeautysavvy.com\/en\/global-networking-enero-2021\/\"><img decoding=\"async\" width=\"1024\" height=\"575\" src=\"https:\/\/idalisbeautysavvy.com\/wp-content\/uploads\/2021\/02\/global-networking-event-1024x575.jpg\" class=\"rt-img-responsive\" alt=\"\" \/><\/a><\/div>\n<div class='rt-detail'>\n<h2 class=\"entry-title\"><a data-id=\"1621\" class=\"\" href=\"https:\/\/idalisbeautysavvy.com\/en\/global-networking-enero-2021\/\">Global Networking January 2021<\/a><\/h2>\n<div class='post-meta-user'><span class='author'><i class='fa fa-user'><\/i><a href=\"https:\/\/idalisbeautysavvy.com\/en\/author\/admin\/\">Idalis Bailey<\/a><\/span><span class='date'><i class='far fa-calendar-alt'><\/i>January 27, 2021<\/span><\/div>\n<div class='tpg-excerpt'>El pasado 27 de Enero tuvimos nuestro evento de Networking Internacional gracias a nuestro VIP Sponsor Roy King, Influencer y Youtuber, siempre diferente. En donde tres Speakers&#8230;<\/div>\n<div class='post-meta'><span class='read-more'><a data-id='1621' class='' href='https:\/\/idalisbeautysavvy.com\/en\/global-networking-enero-2021\/'>Read More<\/a><\/span><\/div>\n<\/div>\n<\/div>\n<\/div>\n<div class=\"rt-col-md-6 rt-col-sm-6 rt-col-xs-12 even-grid-item rt-grid-item\" data-id=\"1478\">\n<div class=\"rt-holder\">\n<div class=\"rt-img-holder\"><a data-id=\"1478\" class=\"\" href=\"https:\/\/idalisbeautysavvy.com\/en\/primer-encuentro-internacional-de-salud-bienestar-y-estetica-oncologica\/\"><img decoding=\"async\" width=\"1024\" height=\"575\" src=\"https:\/\/idalisbeautysavvy.com\/wp-content\/uploads\/2021\/02\/primer-encuentro-internacional-de-estetica-oncologica-idalis-beauty-savvy-1024x575.jpg\" class=\"rt-img-responsive\" alt=\"\" \/><\/a><\/div>\n<div class='rt-detail'>\n<h2 class=\"entry-title\"><a data-id=\"1478\" class=\"\" href=\"https:\/\/idalisbeautysavvy.com\/en\/primer-encuentro-internacional-de-salud-bienestar-y-estetica-oncologica\/\">First International Meeting of Health Wellness and aesthetics Oncology<\/a><\/h2>\n<div class='post-meta-user'><span class='author'><i class='fa fa-user'><\/i><a href=\"https:\/\/idalisbeautysavvy.com\/en\/author\/admin\/\">Idalis Bailey<\/a><\/span><span class='date'><i class='far fa-calendar-alt'><\/i>December 19, 2020<\/span><\/div>\n<div class='tpg-excerpt'>El 19 de Diciembre del 2020 se realiz\u00f3 el I\u00b0 Encuentro Internacional de Salud, Bienestar y Est\u00e9tica Oncol\u00f3gica de la mano de Idalis Bailey, Carina Terzian y Ana Vilamany\u00e1, con&#8230;<\/div>\n<div class='post-meta'><span class='read-more'><a data-id='1478' class='' href='https:\/\/idalisbeautysavvy.com\/en\/primer-encuentro-internacional-de-salud-bienestar-y-estetica-oncologica\/'>Read More<\/a><\/span><\/div>\n<\/div>\n<\/div>\n<\/div>\n<div class=\"rt-col-md-6 rt-col-sm-6 rt-col-xs-12 even-grid-item rt-grid-item\" data-id=\"1568\">\n<div class=\"rt-holder\">\n<div class=\"rt-img-holder\"><a data-id=\"1568\" class=\"\" href=\"https:\/\/idalisbeautysavvy.com\/en\/posicionamiento-de-tratamientos-faciales-con-laser\/\"><img loading=\"lazy\" decoding=\"async\" width=\"1024\" height=\"575\" src=\"https:\/\/idalisbeautysavvy.com\/wp-content\/uploads\/2021\/02\/Posicionamiento-de-tratamientos-faciales-con-Laser-1-1024x575.jpg\" class=\"rt-img-responsive\" alt=\"\" \/><\/a><\/div>\n<div class='rt-detail'>\n<h2 class=\"entry-title\"><a data-id=\"1568\" class=\"\" href=\"https:\/\/idalisbeautysavvy.com\/en\/posicionamiento-de-tratamientos-faciales-con-laser\/\">Positioning of facial treatments Laser<\/a><\/h2>\n<div class='post-meta-user'><span class='author'><i class='fa fa-user'><\/i><a href=\"https:\/\/idalisbeautysavvy.com\/en\/author\/admin\/\">Idalis Bailey<\/a><\/span><span class='date'><i class='far fa-calendar-alt'><\/i>November 20, 2020<\/span><\/div>\n<div class='tpg-excerpt'>Idalis Bailey cre\u00f3 una Master Class de tratamientos faciales con L\u00e1ser, el cual es una de las especialidades de Beauty Savvy. En esta Master Class se explic\u00f3 todo acerca de&#8230;<\/div>\n<div class='post-meta'><span class='read-more'><a data-id='1568' class='' href='https:\/\/idalisbeautysavvy.com\/en\/posicionamiento-de-tratamientos-faciales-con-laser\/'>Read More<\/a><\/span><\/div>\n<\/div>\n<\/div>\n<\/div>\n<div class=\"rt-col-md-6 rt-col-sm-6 rt-col-xs-12 even-grid-item rt-grid-item\" data-id=\"1583\">\n<div class=\"rt-holder\">\n<div class=\"rt-img-holder\"><a data-id=\"1583\" class=\"\" href=\"https:\/\/idalisbeautysavvy.com\/en\/guia-esencial-de-tratamientos-de-laser\/\"><img loading=\"lazy\" decoding=\"async\" width=\"1024\" height=\"575\" src=\"https:\/\/idalisbeautysavvy.com\/wp-content\/uploads\/2021\/02\/Guia-Esencial-de-Tratamientos-de-Laser-1024x575.jpg\" class=\"rt-img-responsive\" alt=\"\" \/><\/a><\/div>\n<div class='rt-detail'>\n<h2 class=\"entry-title\"><a data-id=\"1583\" class=\"\" href=\"https:\/\/idalisbeautysavvy.com\/en\/guia-esencial-de-tratamientos-de-laser\/\">Essential guide to Laser Treatments<\/a><\/h2>\n<div class='post-meta-user'><span class='author'><i class='fa fa-user'><\/i><a href=\"https:\/\/idalisbeautysavvy.com\/en\/author\/admin\/\">Idalis Bailey<\/a><\/span><span class='date'><i class='far fa-calendar-alt'><\/i>November 13, 2020<\/span><\/div>\n<div class='tpg-excerpt'>Idalis Bailey cre\u00f3 una Master Class para explicar todo acerca de la depilaci\u00f3n con l\u00e1ser, c\u00f3mo funciona el l\u00e1sr, cu\u00e1les son los pre and post care del tratamiento, c\u00f3mo se &#8230; LEER&#8230;<\/div>\n<div class='post-meta'><span class='read-more'><a data-id='1583' class='' href='https:\/\/idalisbeautysavvy.com\/en\/guia-esencial-de-tratamientos-de-laser\/'>Read More<\/a><\/span><\/div>\n<\/div>\n<\/div>\n<\/div>\n<\/div>\n<\/div>\n\n\n\n<p><\/p>\n\t\t\t\t\t\t\t\t<\/div>\n\t\t\t\t<\/div>\n\t\t\t\t\t<\/div>\n\t\t<\/div>\n\t\t\t\t\t<\/div>\n\t\t<\/section>\n\t\t\t\t<\/div>","protected":false},"excerpt":{"rendered":"excerpt","protected":false},"author":1,"featured_media":0,"parent":0,"menu_order":0,"comment_status":"closed","ping_status":"closed","template":"","meta":{"episode_type":"","audio_file":"","podmotor_file_id":"","podmotor_episode_id":"","cover_image":"","cover_image_id":"","duration":"","filesize":"","filesize_raw":"","date_recorded":"","explicit":"","block":"","generate_page_header":"","footnotes":""},"class_list":["post-1517","page","type-page","status-publish","hentry","masonry-post","generate-columns","tablet-grid-50","mobile-grid-100","grid-parent","grid-50"],"rttpg_featured_image_url":null,"rttpg_author":{"display_name":"Idalis Bailey","author_link":"https:\/\/idalisbeautysavvy.com\/en\/author\/admin\/"},"rttpg_comment":0,"rttpg_category":"","rttpg_excerpt":"Eventos Exitosos","_links":{"self":[{"href":"https:\/\/idalisbeautysavvy.com\/en\/wp-json\/wp\/v2\/pages\/1517","targetHints":{"allow":["GET"]}}],"collection":[{"href":"https:\/\/idalisbeautysavvy.com\/en\/wp-json\/wp\/v2\/pages"}],"about":[{"href":"https:\/\/idalisbeautysavvy.com\/en\/wp-json\/wp\/v2\/types\/page"}],"author":[{"embeddable":true,"href":"https:\/\/idalisbeautysavvy.com\/en\/wp-json\/wp\/v2\/users\/1"}],"replies":[{"embeddable":true,"href":"https:\/\/idalisbeautysavvy.com\/en\/wp-json\/wp\/v2\/comments?post=1517"}],"version-history":[{"count":8,"href":"https:\/\/idalisbeautysavvy.com\/en\/wp-json\/wp\/v2\/pages\/1517\/revisions"}],"predecessor-version":[{"id":1543,"href":"https:\/\/idalisbeautysavvy.com\/en\/wp-json\/wp\/v2\/pages\/1517\/revisions\/1543"}],"wp:attachment":[{"href":"https:\/\/idalisbeautysavvy.com\/en\/wp-json\/wp\/v2\/media?parent=1517"}],"curies":[{"name":"wp","href":"https:\/\/api.w.org\/{rel}","templated":true}]}}