{"id":1470,"date":"2021-02-06T07:32:32","date_gmt":"2021-02-06T12:32:32","guid":{"rendered":"https:\/\/idalisbeautysavvy.com\/?page_id=1470"},"modified":"2021-02-06T08:06:16","modified_gmt":"2021-02-06T13:06:16","slug":"mi-blog","status":"publish","type":"page","link":"https:\/\/idalisbeautysavvy.com\/en\/mi-blog\/","title":{"rendered":"Mi Blog"},"content":{"rendered":"<style type='text\/css' media='all'>#rt-tpg-container-2626158019 .rt-holder .rt-woo-info .price{color:#8a9354;}body .rt-tpg-container .rt-tpg-isotope-buttons .selected,\n\t\t\t\t\t#rt-tpg-container-2626158019 .layout12 .rt-holder:hover .rt-detail,\n\t\t\t\t\t#rt-tpg-container-2626158019 .isotope8 .rt-holder:hover .rt-detail,\n\t\t\t\t\t#rt-tpg-container-2626158019 .carousel8 .rt-holder:hover .rt-detail,\n\t\t\t\t\t#rt-tpg-container-2626158019 .layout13 .rt-holder .overlay .post-info,\n\t\t\t\t\t#rt-tpg-container-2626158019 .isotope9 .rt-holder .overlay .post-info,\n\t\t\t\t\t#rt-tpg-container-2626158019.rt-tpg-container .layout4 .rt-holder .rt-detail,\n\t\t\t\t\t.rt-modal-2626158019 .md-content,\n\t\t\t\t\t.rt-modal-2626158019 .md-content > .rt-md-content-holder .rt-md-content,\n\t\t\t\t\t.rt-popup-wrap-2626158019.rt-popup-wrap .rt-popup-navigation-wrap,\n\t\t\t\t\t#rt-tpg-container-2626158019 .carousel9 .rt-holder .overlay .post-info{background-color:#8a9354;}#rt-tpg-container-2626158019 .layout5 .rt-holder .overlay, #rt-tpg-container-2626158019 .isotope2 .rt-holder .overlay, #rt-tpg-container-2626158019 .carousel2 .rt-holder .overlay,#rt-tpg-container-2626158019 .layout15 .rt-holder h3, #rt-tpg-container-2626158019 .isotope11 .rt-holder h3, #rt-tpg-container-2626158019 .carousel11 .rt-holder h3, #rt-tpg-container-2626158019 .layout16 .rt-holder h3,\n\t\t\t\t\t#rt-tpg-container-2626158019 .isotope12 .rt-holder h3, #rt-tpg-container-2626158019 .carousel12 .rt-holder h3 {background-color:rgba(138,147,84,0.8);}#rt-tpg-container-2626158019 .pagination-list li a,\n\t\t\t\t\trt-tpg-container-2626158019 .pagination-list li span,\n\t\t\t\t\trt-tpg-container-2626158019 .pagination li a,\n\t\t\t\t\t#rt-tpg-container-2626158019 .rt-tpg-isotope-buttons button,\n\t\t\t\t\t#rt-tpg-container-2626158019 .rt-tpg-utility .rt-tpg-load-more button,\n\t\t\t\t\t#rt-tpg-container-2626158019.rt-tpg-container .swiper-navigation .slider-btn,\n\t\t\t\t\t#rt-tpg-container-2626158019.rt-tpg-container .swiper-pagination-bullet,\n\t\t\t\t\t#rt-tpg-container-2626158019 .wc1 .rt-holder .rt-img-holder .overlay .product-more ul li a,\n\t\t\t\t\t#rt-tpg-container-2626158019 .wc2 .rt-detail .rt-wc-add-to-cart,\n\t\t\t\t\t#rt-tpg-container-2626158019 .wc3 .rt-detail .rt-wc-add-to-cart,\n\t\t\t\t\t#rt-tpg-container-2626158019 .wc4 .rt-detail .rt-wc-add-to-cart,\n\t\t\t\t\t#rt-tpg-container-2626158019 .wc-carousel2 .rt-detail .rt-wc-add-to-cart,\n\t\t\t\t\t#rt-tpg-container-2626158019 .wc-isotope2 .rt-detail .rt-wc-add-to-cart,\n\t\t\t\t\t#rt-tpg-container-2626158019 .rt-layout-filter-container .rt-filter-wrap .rt-filter-item-wrap.rt-filter-dropdown-wrap .rt-filter-dropdown,\n\t\t\t\t\t#rt-tpg-container-2626158019 .rt-layout-filter-container .rt-filter-sub-tax.sub-button-group .rt-filter-button-item,\n\t\t\t\t\t#rt-tpg-container-2626158019.rt-tpg-container .rt-pagination-wrap .rt-page-numbers .paginationjs .paginationjs-pages ul li>a,\n\t\t\t\t\t#rt-tpg-container-2626158019 .rt-filter-item-wrap.rt-filter-button-wrap span.rt-filter-button-item,\n\t\t\t\t\t#rt-tpg-container-2626158019.rt-tpg-container .rt-pagination-wrap  .rt-loadmore-btn,\n\t\t\t\t\t#rt-tpg-container-2626158019.rt-tpg-container .rt-pagination-wrap .rt-cb-page-prev-next > *,\n\t\t\t\t\t#rt-tpg-container-2626158019 .rt-read-more,\n\t\t\t\t\t#rt-tooltip-2626158019, #rt-tooltip-2626158019 .rt-tooltip-bottom:after{background-color:#8a9354;}#rt-tpg-container-2626158019 .rt-filter-item-wrap.rt-filter-button-wrap span.rt-filter-button-item,\n\t\t\t\t\t#rt-tpg-container-2626158019 .rt-layout-filter-container .rt-filter-sub-tax.sub-button-group .rt-filter-button-item{border-color:#8a9354;}#rt-tpg-container-2626158019.rt-tpg-container .layout17 .rt-holder .overlay a.tpg-zoom .fa{color:#8a9354;}#rt-tpg-container-2626158019 .rt-holder .read-more a {background-color:#8a9354;padding: 8px 15px;}#rt-tpg-container-2626158019 .pagination li.active span,\n\t\t\t\t\t#rt-tpg-container-2626158019 .pagination-list li.active span,\n\t\t\t\t\t#rt-tpg-container-2626158019 .rt-tpg-isotope-buttons button.selected,\n\t\t\t\t\t#rt-tpg-container-2626158019 .rt-filter-item-wrap.rt-filter-button-wrap span.rt-filter-button-item.selected,\n\t\t\t\t\t#rt-tpg-container-2626158019 .rt-layout-filter-container .rt-filter-sub-tax.sub-button-group .rt-filter-button-item.selected,\n\t\t\t\t\t#rt-tpg-container-2626158019.rt-tpg-container .rt-pagination-wrap .rt-page-numbers .paginationjs .paginationjs-pages ul li.active>a,\n\t\t\t\t\t#rt-tpg-container-2626158019.rt-tpg-container .swiper-pagination-bullet.swiper-pagination-bullet-active-main{background-color:#608223;}#rt-tpg-container-2626158019 .rt-filter-item-wrap.rt-filter-button-wrap span.rt-filter-button-item.selected,\n\t\t\t\t\t#rt-tpg-container-2626158019 .rt-layout-filter-container .rt-filter-sub-tax.sub-button-group .rt-filter-button-item.selected,\n\t\t\t\t\t#rt-tpg-container-2626158019.rt-tpg-container .rt-pagination-wrap .rt-page-numbers .paginationjs .paginationjs-pages ul li.active>a{border-color:#608223;}#rt-tpg-container-2626158019 .pagination-list li a,\n\t\t\t\t\t#rt-tpg-container-2626158019 .pagination li a,\n\t\t\t\t\t#rt-tpg-container-2626158019 .rt-tpg-isotope-buttons button,\n\t\t\t\t\t#rt-tpg-container-2626158019 .rt-holder .read-more a,\n\t\t\t\t\t#rt-tpg-container-2626158019 .rt-tpg-utility .rt-tpg-load-more button,\n\t\t\t\t\t#rt-tpg-container-2626158019.rt-tpg-container .swiper-navigation .slider-btn,\n\t\t\t\t\t#rt-tpg-container-2626158019 .wc1 .rt-holder .rt-img-holder .overlay .product-more ul li a,\n\t\t\t\t\t#rt-tpg-container-2626158019 .edd1 .rt-holder .rt-img-holder .overlay .product-more ul li a,\n\t\t\t\t\t#rt-tpg-container-2626158019 .wc2 .rt-detail .rt-wc-add-to-cart,\n\t\t\t\t\t#rt-tpg-container-2626158019 .wc3 .rt-detail .rt-wc-add-to-cart,\n\t\t\t\t\t#rt-tpg-container-2626158019 .edd2 .rt-detail .rt-wc-add-to-cart,\n\t\t\t\t\t#rt-tpg-container-2626158019 .wc4 .rt-detail .rt-wc-add-to-cart,\n\t\t\t\t\t#rt-tpg-container-2626158019 .edd3 .rt-detail .rt-wc-add-to-cart,\n\t\t\t\t\t#rt-tpg-container-2626158019 .wc-carousel2 .rt-detail .rt-wc-add-to-cart,\n\t\t\t\t\t#rt-tpg-container-2626158019 .wc-isotope2 .rt-detail .rt-wc-add-to-cart,\n\t\t\t\t\t#rt-tpg-container-2626158019 .rt-tpg-utility .rt-tpg-load-more button,\n\t\t\t\t\t#rt-tooltip-2626158019,\n\t\t\t\t\t#rt-tpg-container-2626158019 .rt-filter-item-wrap.rt-filter-button-wrap span.rt-filter-button-item,\n\t\t\t\t\t#rt-tpg-container-2626158019 .rt-layout-filter-container .rt-filter-sub-tax.sub-button-group .rt-filter-button-item,\n\t\t\t\t\t#rt-tpg-container-2626158019 .rt-layout-filter-container .rt-filter-wrap .rt-filter-item-wrap.rt-sort-order-action,\n\t\t\t\t\t#rt-tpg-container-2626158019 .rt-layout-filter-container .rt-filter-wrap .rt-filter-item-wrap.rt-filter-dropdown-wrap .rt-filter-dropdown .rt-filter-dropdown-item,\n\t\t\t\t\t#rt-tpg-container-2626158019.rt-tpg-container .rt-pagination-wrap .rt-page-numbers .paginationjs .paginationjs-pages ul li>a,\n\t\t\t\t\t#rt-tpg-container-2626158019.rt-tpg-container .rt-pagination-wrap .rt-cb-page-prev-next > *,\n\t\t\t\t\t#rt-tpg-container-2626158019.rt-tpg-container .rt-pagination-wrap  .rt-loadmore-btn,\n\t\t\t\t\t#rt-tpg-container-2626158019 .rt-read-more,\n\t\t\t\t\t#rt-tooltip-2626158019 .rt-tooltip-bottom:after{color:#ffffff;}#rt-tpg-container-2626158019 .read-more a{border-radius:5px;}#rt-tpg-container-2626158019 .rt-img-holder img.rt-img-responsive,#rt-tpg-container-2626158019 .rt-img-holder,\n\t\t\t\t\t#rt-tpg-container-2626158019 .rt-post-overlay .post-img,\n\t\t\t\t\t#rt-tpg-container-2626158019 .post-sm .post-img,\n\t\t\t\t\t#rt-tpg-container-2626158019 .rt-post-grid .post-img,\n\t\t\t\t\t#rt-tpg-container-2626158019 .post-img img {border-radius:px;}#rt-tpg-container-2626158019 .layout1 .rt-holder h2.entry-title,\n\t\t\t\t\t#rt-tpg-container-2626158019 .layout1 .rt-holder h3.entry-title,\n\t\t\t\t\t#rt-tpg-container-2626158019 .layout1 .rt-holder h4.entry-title,\n\t\t\t\t\t#rt-tpg-container-2626158019 .layout1 .rt-holder h2.entry-title a,\n\t\t\t\t\t#rt-tpg-container-2626158019 .layout1 .rt-holder h3.entry-title a,\n\t\t\t\t\t#rt-tpg-container-2626158019 .layout1 .rt-holder h4.entry-title a,\n\t\t\t\t\t#rt-tpg-container-2626158019 .rt-holder .rt-woo-info h2 a,\n\t\t\t\t\t#rt-tpg-container-2626158019 .rt-holder .rt-woo-info h3 a,\n\t\t\t\t\t#rt-tpg-container-2626158019 .rt-holder .rt-woo-info h4 a,\n\t\t\t\t\t#rt-tpg-container-2626158019 .post-content .post-title,\n\t\t\t\t\t#rt-tpg-container-2626158019 .rt-post-grid .post-title,\n\t\t\t\t\t#rt-tpg-container-2626158019 .rt-post-grid .post-title a,\n\t\t\t\t\t#rt-tpg-container-2626158019 .post-content .post-title a,\n\t\t\t\t\t#rt-tpg-container-2626158019 .rt-holder .rt-woo-info h2,\n\t\t\t\t\t#rt-tpg-container-2626158019 .rt-holder .rt-woo-info h3,\n\t\t\t\t\t#rt-tpg-container-2626158019 .rt-holder .rt-woo-info h4{color:#8a9354;}#rt-tpg-container-2626158019 .layout1 .rt-holder h2.entry-title:hover,\n\t\t\t\t\t#rt-tpg-container-2626158019 .layout1 .rt-holder h3.entry-title:hover,\n\t\t\t\t\t#rt-tpg-container-2626158019 .layout1 .rt-holder h4.entry-title:hover,\n\t\t\t\t\t#rt-tpg-container-2626158019 .layout1 .rt-holder h2.entry-title a:hover,\n\t\t\t\t\t#rt-tpg-container-2626158019 .layout1 .rt-holder h3.entry-title a:hover,\n\t\t\t\t\t#rt-tpg-container-2626158019 .layout1 .rt-holder h4.entry-title a:hover,\n\t\t\t\t\t#rt-tpg-container-2626158019 .post-content .post-title a:hover,\n\t\t\t\t\t#rt-tpg-container-2626158019 .rt-post-grid .post-title a:hover,\n\t\t\t\t\t#rt-tpg-container-2626158019 .rt-holder .rt-woo-info h2 a:hover,\n\t\t\t\t\t#rt-tpg-container-2626158019 .rt-holder .rt-woo-info h3 a:hover,\n\t\t\t\t\t#rt-tpg-container-2626158019 .rt-holder .rt-woo-info h4 a:hover,\n\t\t\t\t\t#rt-tpg-container-2626158019 .rt-holder .rt-woo-info h2:hover,\n\t\t\t\t\t#rt-tpg-container-2626158019 .rt-holder .rt-woo-info h3:hover,\n\t\t\t\t\t#rt-tpg-container-2626158019 .rt-holder .rt-woo-info h4:hover{color:#a05e86 !important;}<\/style><div class='rt-container-fluid rt-tpg-container tpg-shortcode-main-wrapper' id='rt-tpg-container-2626158019'   data-layout='layout1' data-grid-style='even' data-desktop-col='3'  data-tab-col='2'  data-mobile-col='1' data-sc-id='1474'><div data-title='Loading ...' class='rt-row rt-content-loader   layout1 tpg-even'><div class=\"rt-col-md-4 rt-col-sm-6 rt-col-xs-12 even-grid-item rt-grid-item\" data-id=\"4526\"><div class=\"rt-holder\"><div class=\"rt-img-holder\"><a data-id=\"4526\" class=\"\" href=\"https:\/\/idalisbeautysavvy.com\/en\/el-posicionamiento-de-nuestra-marca-es-nuestra-prioridad\/\"><img fetchpriority=\"high\" decoding=\"async\" width=\"1024\" height=\"575\" src=\"https:\/\/idalisbeautysavvy.com\/wp-content\/uploads\/2021\/03\/emprendimiento-idalis-beauty-savvy-1024x575.jpg\" class=\"rt-img-responsive\" alt=\"\" \/><\/a><\/div><div class='rt-detail'><h2 class=\"entry-title\"><a data-id=\"4526\" class=\"\" href=\"https:\/\/idalisbeautysavvy.com\/en\/el-posicionamiento-de-nuestra-marca-es-nuestra-prioridad\/\">El posicionamiento de nuestra Marca es nuestra prioridad<\/a><\/h2><div class='post-meta-user'><span class='author'><i class='fa fa-user'><\/i><a href=\"https:\/\/idalisbeautysavvy.com\/en\/author\/idalisbailey\/\">Idalis Bailey<\/a><\/span><span class='date'><i class='far fa-calendar-alt'><\/i>February 21, 2025<\/span><\/div><div class='tpg-excerpt'>En la industria de la salud, el bienestar y la est\u00e9tica, la competencia es innegable. Existen innumerables negocios y profesionales ofreciendo servicios similares, lo que puede generar la falsa...<\/div><div class='post-meta'><span class='read-more'><a data-id='4526' class='' href='https:\/\/idalisbeautysavvy.com\/en\/el-posicionamiento-de-nuestra-marca-es-nuestra-prioridad\/'>Read More<\/a><\/span><\/div><\/div><\/div><\/div><div class=\"rt-col-md-4 rt-col-sm-6 rt-col-xs-12 even-grid-item rt-grid-item\" data-id=\"4439\"><div class=\"rt-holder\"><div class=\"rt-img-holder\"><a data-id=\"4439\" class=\"\" href=\"https:\/\/idalisbeautysavvy.com\/en\/aumentando-la-confianza-como-la-depilacion-laser-disminuye-la-pigmentacion-en-areas-intimas\/\"><img decoding=\"async\" width=\"1024\" height=\"576\" src=\"https:\/\/idalisbeautysavvy.com\/wp-content\/uploads\/2024\/02\/covers-renew-1024x576.jpg\" class=\"rt-img-responsive\" alt=\"\" \/><\/a><\/div><div class='rt-detail'><h2 class=\"entry-title\"><a data-id=\"4439\" class=\"\" href=\"https:\/\/idalisbeautysavvy.com\/en\/aumentando-la-confianza-como-la-depilacion-laser-disminuye-la-pigmentacion-en-areas-intimas\/\">Aumentando la Confianza: C\u00f3mo la Depilaci\u00f3n L\u00e1ser Disminuye la Pigmentaci\u00f3n en \u00c1reas \u00cdntimas<\/a><\/h2><div class='post-meta-user'><span class='author'><i class='fa fa-user'><\/i><a href=\"https:\/\/idalisbeautysavvy.com\/en\/author\/idalisbailey\/\">Idalis Bailey<\/a><\/span><span class='date'><i class='far fa-calendar-alt'><\/i>February 22, 2024<\/span><\/div><div class='tpg-excerpt'>Me complace abordar un tema relevante que afecta tanto a la autoestima como a la confianza de nuestras pacientes: la pigmentaci\u00f3n en \u00e1reas \u00edntimas. Como experta en tratamientos l\u00e1ser, he ... LEER...<\/div><div class='post-meta'><span class='read-more'><a data-id='4439' class='' href='https:\/\/idalisbeautysavvy.com\/en\/aumentando-la-confianza-como-la-depilacion-laser-disminuye-la-pigmentacion-en-areas-intimas\/'>Read More<\/a><\/span><\/div><\/div><\/div><\/div><div class=\"rt-col-md-4 rt-col-sm-6 rt-col-xs-12 even-grid-item rt-grid-item\" data-id=\"4432\"><div class=\"rt-holder\"><div class=\"rt-img-holder\"><a data-id=\"4432\" class=\"\" href=\"https:\/\/idalisbeautysavvy.com\/en\/descubriendo-los-secretos-de-la-depilacion-con-laser-8-datos-sorprendentes-que-no-conocias\/\"><img decoding=\"async\" width=\"853\" height=\"480\" src=\"https:\/\/idalisbeautysavvy.com\/wp-content\/uploads\/2024\/01\/laser-hair-removal-secrects.jpg\" class=\"rt-img-responsive\" alt=\"\" \/><\/a><\/div><div class='rt-detail'><h2 class=\"entry-title\"><a data-id=\"4432\" class=\"\" href=\"https:\/\/idalisbeautysavvy.com\/en\/descubriendo-los-secretos-de-la-depilacion-con-laser-8-datos-sorprendentes-que-no-conocias\/\">Descubriendo los Secretos de la Depilaci\u00f3n con L\u00e1ser: 8 Datos Sorprendentes que No Conoc\u00edas<\/a><\/h2><div class='post-meta-user'><span class='author'><i class='fa fa-user'><\/i><a href=\"https:\/\/idalisbeautysavvy.com\/en\/author\/idalisbailey\/\">Idalis Bailey<\/a><\/span><span class='date'><i class='far fa-calendar-alt'><\/i>January 26, 2024<\/span><\/div><div class='tpg-excerpt'>En Global Integral Beauty, nos dedicamos a brindar educaci\u00f3n y avanzados tratamientos est\u00e9ticos para ayudarte a alcanzar tus objetivos est\u00e9ticos. Dentro de estas opciones, la Depilaci\u00f3n con L\u00e1ser...<\/div><div class='post-meta'><span class='read-more'><a data-id='4432' class='' href='https:\/\/idalisbeautysavvy.com\/en\/descubriendo-los-secretos-de-la-depilacion-con-laser-8-datos-sorprendentes-que-no-conocias\/'>Read More<\/a><\/span><\/div><\/div><\/div><\/div><div class=\"rt-col-md-4 rt-col-sm-6 rt-col-xs-12 even-grid-item rt-grid-item\" data-id=\"4425\"><div class=\"rt-holder\"><div class=\"rt-img-holder\"><a data-id=\"4425\" class=\"\" href=\"https:\/\/idalisbeautysavvy.com\/en\/tratamientos-de-moda-en-rejuvenecimiento-de-la-piel-de\/\"><img loading=\"lazy\" decoding=\"async\" width=\"1024\" height=\"576\" src=\"https:\/\/idalisbeautysavvy.com\/wp-content\/uploads\/2023\/09\/Top-trendy-Skin-Rejuvenation-Treatments-in-New-York-1024x576.jpg\" class=\"rt-img-responsive\" alt=\"\" \/><\/a><\/div><div class='rt-detail'><h2 class=\"entry-title\"><a data-id=\"4425\" class=\"\" href=\"https:\/\/idalisbeautysavvy.com\/en\/tratamientos-de-moda-en-rejuvenecimiento-de-la-piel-de\/\">Tratamientos de moda en rejuvenecimiento de la piel de<\/a><\/h2><div class='post-meta-user'><span class='author'><i class='fa fa-user'><\/i><a href=\"https:\/\/idalisbeautysavvy.com\/en\/author\/idalisbailey\/\">Idalis Bailey<\/a><\/span><span class='date'><i class='far fa-calendar-alt'><\/i>September 5, 2023<\/span><\/div><div class='tpg-excerpt'>Los tratamientos de rejuvenecimiento de la piel han ganado una inmensa popularidad en los \u00faltimos a\u00f1os debido a varias razones. En primer lugar, estos tratamientos ofrecen una soluci\u00f3n no invasiva...<\/div><div class='post-meta'><span class='read-more'><a data-id='4425' class='' href='https:\/\/idalisbeautysavvy.com\/en\/tratamientos-de-moda-en-rejuvenecimiento-de-la-piel-de\/'>Read More<\/a><\/span><\/div><\/div><\/div><\/div><div class=\"rt-col-md-4 rt-col-sm-6 rt-col-xs-12 even-grid-item rt-grid-item\" data-id=\"4367\"><div class=\"rt-holder\"><div class=\"rt-img-holder\"><a data-id=\"4367\" class=\"\" href=\"https:\/\/idalisbeautysavvy.com\/en\/asi-fue-la-1ra-conferencia-internacional-de-belleza-integral-en-nyc-2022\/\"><img loading=\"lazy\" decoding=\"async\" width=\"1024\" height=\"684\" src=\"https:\/\/idalisbeautysavvy.com\/wp-content\/uploads\/2023\/06\/annual-conference.jpg\" class=\"rt-img-responsive\" alt=\"\" \/><\/a><\/div><div class='rt-detail'><h2 class=\"entry-title\"><a data-id=\"4367\" class=\"\" href=\"https:\/\/idalisbeautysavvy.com\/en\/asi-fue-la-1ra-conferencia-internacional-de-belleza-integral-en-nyc-2022\/\">As\u00ed fu\u00e9 la 1ra Conferencia internacional de belleza integral en NYC 2022<\/a><\/h2><div class='post-meta-user'><span class='author'><i class='fa fa-user'><\/i><a href=\"https:\/\/idalisbeautysavvy.com\/en\/author\/idalisbailey\/\">Idalis Bailey<\/a><\/span><span class='date'><i class='far fa-calendar-alt'><\/i>June 13, 2023<\/span><\/div><div class='tpg-excerpt'>Renew consultor\u00eda Internacional en est\u00e9tica anuncia su primera conferencia internacional biling\u00fce en ingl\u00e9s y traducci\u00f3n simult\u00e1nea en espa\u00f1ol el pr\u00f3ximo\u00a028 y 29 de junio en el Sheraton New York Times...<\/div><div class='post-meta'><span class='read-more'><a data-id='4367' class='' href='https:\/\/idalisbeautysavvy.com\/en\/asi-fue-la-1ra-conferencia-internacional-de-belleza-integral-en-nyc-2022\/'>Read More<\/a><\/span><\/div><\/div><\/div><\/div><\/div><\/div>","protected":false},"excerpt":{"rendered":"excerpt","protected":false},"author":1,"featured_media":0,"parent":0,"menu_order":0,"comment_status":"closed","ping_status":"closed","template":"","meta":{"episode_type":"","audio_file":"","podmotor_file_id":"","podmotor_episode_id":"","cover_image":"","cover_image_id":"","duration":"","filesize":"","filesize_raw":"","date_recorded":"","explicit":"","block":"","generate_page_header":"","footnotes":""},"class_list":["post-1470","page","type-page","status-publish","hentry","masonry-post","generate-columns","tablet-grid-50","mobile-grid-100","grid-parent","grid-50"],"rttpg_featured_image_url":null,"rttpg_author":{"display_name":"Idalis Bailey","author_link":"https:\/\/idalisbeautysavvy.com\/en\/author\/admin\/"},"rttpg_comment":0,"rttpg_category":"","rttpg_excerpt":null,"_links":{"self":[{"href":"https:\/\/idalisbeautysavvy.com\/en\/wp-json\/wp\/v2\/pages\/1470","targetHints":{"allow":["GET"]}}],"collection":[{"href":"https:\/\/idalisbeautysavvy.com\/en\/wp-json\/wp\/v2\/pages"}],"about":[{"href":"https:\/\/idalisbeautysavvy.com\/en\/wp-json\/wp\/v2\/types\/page"}],"author":[{"embeddable":true,"href":"https:\/\/idalisbeautysavvy.com\/en\/wp-json\/wp\/v2\/users\/1"}],"replies":[{"embeddable":true,"href":"https:\/\/idalisbeautysavvy.com\/en\/wp-json\/wp\/v2\/comments?post=1470"}],"version-history":[{"count":2,"href":"https:\/\/idalisbeautysavvy.com\/en\/wp-json\/wp\/v2\/pages\/1470\/revisions"}],"predecessor-version":[{"id":1476,"href":"https:\/\/idalisbeautysavvy.com\/en\/wp-json\/wp\/v2\/pages\/1470\/revisions\/1476"}],"wp:attachment":[{"href":"https:\/\/idalisbeautysavvy.com\/en\/wp-json\/wp\/v2\/media?parent=1470"}],"curies":[{"name":"wp","href":"https:\/\/api.w.org\/{rel}","templated":true}]}}