{"id":1446,"date":"2021-02-06T06:37:13","date_gmt":"2021-02-06T11:37:13","guid":{"rendered":"https:\/\/idalisbeautysavvy.com\/?page_id=1446"},"modified":"2021-02-06T07:22:39","modified_gmt":"2021-02-06T12:22:39","slug":"programa-purple-star","status":"publish","type":"page","link":"https:\/\/idalisbeautysavvy.com\/en\/programa-purple-star\/","title":{"rendered":"Programa Purple Star"},"content":{"rendered":"<div data-elementor-type=\"wp-page\" data-elementor-id=\"1446\" class=\"elementor elementor-1446\" data-elementor-post-type=\"page\">\n\t\t\t\t\t\t<section class=\"elementor-section elementor-top-section elementor-element elementor-element-5a21ccf elementor-section-full_width elementor-section-stretched elementor-section-height-default elementor-section-height-default\" data-id=\"5a21ccf\" data-element_type=\"section\" data-settings=\"{&quot;stretch_section&quot;:&quot;section-stretched&quot;,&quot;background_background&quot;:&quot;classic&quot;}\">\n\t\t\t\t\t\t\t<div class=\"elementor-background-overlay\"><\/div>\n\t\t\t\t\t\t\t<div class=\"elementor-container elementor-column-gap-default\">\n\t\t\t\t\t<div class=\"elementor-column elementor-col-100 elementor-top-column elementor-element elementor-element-2a8669d\" data-id=\"2a8669d\" data-element_type=\"column\">\n\t\t\t<div class=\"elementor-widget-wrap elementor-element-populated\">\n\t\t\t\t\t\t<div class=\"elementor-element elementor-element-bfaf799 elementor-widget elementor-widget-heading\" data-id=\"bfaf799\" data-element_type=\"widget\" data-widget_type=\"heading.default\">\n\t\t\t\t<div class=\"elementor-widget-container\">\n\t\t\t\t\t<h1 class=\"elementor-heading-title elementor-size-default\">Programa Purple Star<\/h1>\t\t\t\t<\/div>\n\t\t\t\t<\/div>\n\t\t\t\t\t<\/div>\n\t\t<\/div>\n\t\t\t\t\t<\/div>\n\t\t<\/section>\n\t\t\t\t<section class=\"elementor-section elementor-top-section elementor-element elementor-element-8e88c8a elementor-section-boxed elementor-section-height-default elementor-section-height-default\" data-id=\"8e88c8a\" data-element_type=\"section\">\n\t\t\t\t\t\t<div class=\"elementor-container elementor-column-gap-default\">\n\t\t\t\t\t<div class=\"elementor-column elementor-col-50 elementor-top-column elementor-element elementor-element-3854a6c\" data-id=\"3854a6c\" data-element_type=\"column\">\n\t\t\t<div class=\"elementor-widget-wrap elementor-element-populated\">\n\t\t\t\t\t\t<div class=\"elementor-element elementor-element-55799a4 elementor-widget elementor-widget-heading\" data-id=\"55799a4\" data-element_type=\"widget\" data-widget_type=\"heading.default\">\n\t\t\t\t<div class=\"elementor-widget-container\">\n\t\t\t\t\t<h2 class=\"elementor-heading-title elementor-size-default\">ACERCA DEL PROGRAMA<\/h2>\t\t\t\t<\/div>\n\t\t\t\t<\/div>\n\t\t\t\t<div class=\"elementor-element elementor-element-c585518 elementor-widget elementor-widget-text-editor\" data-id=\"c585518\" data-element_type=\"widget\" data-widget_type=\"text-editor.default\">\n\t\t\t\t<div class=\"elementor-widget-container\">\n\t\t\t\t\t\t\t\t\t<p>Con <strong>Renew Esthetics MediSpa<\/strong> seguimos trabajando con servicios de alta calidad, actualizados con las \u00faltimas tendencias est\u00e9ticas. Tambi\u00e9n estamos comprometidos a trabajar con nuestro <strong>NUEVO PROGRAMA DE VIOLENCIA DOM\u00c9STICA<\/strong> que ofrece tratamientos de belleza no invasivos sin costo para las v\u00edctimas.<\/p><p>La violencia de pareja \u00edntima<strong> (IPV)<\/strong> amenaza la salud f\u00edsica y mental de los neoyorquinos y sus familias. Todos los d\u00edas, los oficiales de polic\u00eda de Nueva York responden a cientos de llamadas al 911, incluidas las muertes por IPV. Si bien los hombres pueden ser v\u00edctimas de IPV, la mayor\u00eda de los casos documentados son contra mujeres. <em>La violencia dentro de una relaci\u00f3n suele ser un hecho oculto.<\/em><\/p>\t\t\t\t\t\t\t\t<\/div>\n\t\t\t\t<\/div>\n\t\t\t\t\t<\/div>\n\t\t<\/div>\n\t\t\t\t<div class=\"elementor-column elementor-col-50 elementor-top-column elementor-element elementor-element-cc1f48f\" data-id=\"cc1f48f\" data-element_type=\"column\" data-settings=\"{&quot;background_background&quot;:&quot;classic&quot;}\">\n\t\t\t<div class=\"elementor-widget-wrap elementor-element-populated\">\n\t\t\t\t\t\t<div class=\"elementor-element elementor-element-046595b elementor-widget elementor-widget-image\" data-id=\"046595b\" data-element_type=\"widget\" data-widget_type=\"image.default\">\n\t\t\t\t<div class=\"elementor-widget-container\">\n\t\t\t\t\t\t\t\t\t\t\t\t\t\t\t<img fetchpriority=\"high\" decoding=\"async\" width=\"900\" height=\"900\" src=\"https:\/\/idalisbeautysavvy.com\/wp-content\/uploads\/2021\/02\/2.jpg\" class=\"attachment-large size-large wp-image-1450\" alt=\"\" srcset=\"https:\/\/idalisbeautysavvy.com\/wp-content\/uploads\/2021\/02\/2.jpg 900w, https:\/\/idalisbeautysavvy.com\/wp-content\/uploads\/2021\/02\/2-300x300.jpg 300w, https:\/\/idalisbeautysavvy.com\/wp-content\/uploads\/2021\/02\/2-150x150.jpg 150w, https:\/\/idalisbeautysavvy.com\/wp-content\/uploads\/2021\/02\/2-768x768.jpg 768w, https:\/\/idalisbeautysavvy.com\/wp-content\/uploads\/2021\/02\/2-600x600.jpg 600w, https:\/\/idalisbeautysavvy.com\/wp-content\/uploads\/2021\/02\/2-100x100.jpg 100w\" sizes=\"(max-width: 900px) 100vw, 900px\" \/>\t\t\t\t\t\t\t\t\t\t\t\t\t\t\t<\/div>\n\t\t\t\t<\/div>\n\t\t\t\t\t<\/div>\n\t\t<\/div>\n\t\t\t\t\t<\/div>\n\t\t<\/section>\n\t\t\t\t<section class=\"elementor-section elementor-top-section elementor-element elementor-element-04c0d43 elementor-section-boxed elementor-section-height-default elementor-section-height-default\" data-id=\"04c0d43\" data-element_type=\"section\">\n\t\t\t\t\t\t<div class=\"elementor-container elementor-column-gap-default\">\n\t\t\t\t\t<div class=\"elementor-column elementor-col-50 elementor-top-column elementor-element elementor-element-8978f0e\" data-id=\"8978f0e\" data-element_type=\"column\">\n\t\t\t<div class=\"elementor-widget-wrap elementor-element-populated\">\n\t\t\t\t\t\t<div class=\"elementor-element elementor-element-a62ce33 elementor-widget elementor-widget-video\" data-id=\"a62ce33\" data-element_type=\"widget\" data-settings=\"{&quot;youtube_url&quot;:&quot;https:\\\/\\\/youtu.be\\\/2w3CvHIr8cU&quot;,&quot;video_type&quot;:&quot;youtube&quot;,&quot;controls&quot;:&quot;yes&quot;}\" data-widget_type=\"video.default\">\n\t\t\t\t<div class=\"elementor-widget-container\">\n\t\t\t\t\t\t\t<div class=\"elementor-wrapper elementor-open-inline\">\n\t\t\t<div class=\"elementor-video\"><\/div>\t\t<\/div>\n\t\t\t\t\t\t<\/div>\n\t\t\t\t<\/div>\n\t\t\t\t\t<\/div>\n\t\t<\/div>\n\t\t\t\t<div class=\"elementor-column elementor-col-50 elementor-top-column elementor-element elementor-element-b37e1e7\" data-id=\"b37e1e7\" data-element_type=\"column\">\n\t\t\t<div class=\"elementor-widget-wrap elementor-element-populated\">\n\t\t\t\t\t\t<div class=\"elementor-element elementor-element-33a4bd3 elementor-widget elementor-widget-text-editor\" data-id=\"33a4bd3\" data-element_type=\"widget\" data-widget_type=\"text-editor.default\">\n\t\t\t\t<div class=\"elementor-widget-container\">\n\t\t\t\t\t\t\t\t\t<blockquote><p><span>Nuestro objetivo es tener un impacto en nuestra comunidad al tener 2 pacientes nuevos cada mes.<\/span><\/p><\/blockquote><p><span>Tambi\u00e9n ofreceremos talleres mensuales para ayudarlos en su desarrollo personal gracias al aporte de un grupo de profesionales y emprendedores comprometidos con retribuir a la comunidad.<\/span><\/p>\t\t\t\t\t\t\t\t<\/div>\n\t\t\t\t<\/div>\n\t\t\t\t\t<\/div>\n\t\t<\/div>\n\t\t\t\t\t<\/div>\n\t\t<\/section>\n\t\t\t\t<section class=\"elementor-section elementor-top-section elementor-element elementor-element-9478155 elementor-section-boxed elementor-section-height-default elementor-section-height-default\" data-id=\"9478155\" data-element_type=\"section\">\n\t\t\t\t\t\t<div class=\"elementor-container elementor-column-gap-default\">\n\t\t\t\t\t<div class=\"elementor-column elementor-col-100 elementor-top-column elementor-element elementor-element-8af9ee5\" data-id=\"8af9ee5\" data-element_type=\"column\">\n\t\t\t<div class=\"elementor-widget-wrap elementor-element-populated\">\n\t\t\t\t\t\t<div class=\"elementor-element elementor-element-0485463 elementor-widget elementor-widget-text-editor\" data-id=\"0485463\" data-element_type=\"widget\" data-widget_type=\"text-editor.default\">\n\t\t\t\t<div class=\"elementor-widget-container\">\n\t\t\t\t\t\t\t\t\t<p>Algunos de los colaboradores son<em>\u00a0Lili Gil Valletta, Cenia Paredes, Carolina Bolivar, Anselma Rodr\u00edguez, Fanny Mairena, John Barragan, Angela Gomez, Alejandra Chaparro, Luis Cuneo, Angie Newlook, Diurka Diaz y Billie Radovic.<\/em><\/p><blockquote><h4><em><strong>Si est\u00e1 lista para invertir en s\u00ed misma y lucir hermosa, tambi\u00e9n debe pensar que har\u00e1 una contribuci\u00f3n a nuestro programa de violencia dom\u00e9stica y marcar\u00e1 la diferencia.<\/strong><\/em><\/h4><\/blockquote>\t\t\t\t\t\t\t\t<\/div>\n\t\t\t\t<\/div>\n\t\t\t\t\t<\/div>\n\t\t<\/div>\n\t\t\t\t\t<\/div>\n\t\t<\/section>\n\t\t\t\t<section class=\"elementor-section elementor-top-section elementor-element elementor-element-a3f9a8b elementor-section-stretched elementor-section-boxed elementor-section-height-default elementor-section-height-default\" data-id=\"a3f9a8b\" data-element_type=\"section\" data-settings=\"{&quot;stretch_section&quot;:&quot;section-stretched&quot;,&quot;background_background&quot;:&quot;classic&quot;}\">\n\t\t\t\t\t\t<div class=\"elementor-container elementor-column-gap-default\">\n\t\t\t\t\t<div class=\"elementor-column elementor-col-100 elementor-top-column elementor-element elementor-element-94c998f\" data-id=\"94c998f\" data-element_type=\"column\">\n\t\t\t<div class=\"elementor-widget-wrap elementor-element-populated\">\n\t\t\t\t\t\t<div class=\"elementor-element elementor-element-bdacd31 elementor-widget elementor-widget-heading\" data-id=\"bdacd31\" data-element_type=\"widget\" data-widget_type=\"heading.default\">\n\t\t\t\t<div class=\"elementor-widget-container\">\n\t\t\t\t\t<h3 class=\"elementor-heading-title elementor-size-xl\">NUESTRO \u00daLTIMO EVENTO 2019<\/h3>\t\t\t\t<\/div>\n\t\t\t\t<\/div>\n\t\t\t\t<div class=\"elementor-element elementor-element-abd53d0 elementor-widget elementor-widget-text-editor\" data-id=\"abd53d0\" data-element_type=\"widget\" data-widget_type=\"text-editor.default\">\n\t\t\t\t<div class=\"elementor-widget-container\">\n\t\t\t\t\t\t\t\t\t<p><span>Fue un evento sin fines de lucro en el que se recaudaron donaciones para mantener\u00a0<\/span><span>activo<\/span><span>\u00a0el\u00a0programa\u00a0con nuevos proyectos que ofrezcan a sus miembros un desarrollo integral y una mejor calidad de vida.\u00a0Al evento asistieron 70 personas, entre reconocidos\u00a0<\/span><span>artistas e influencers<\/span><span>\u00a0que apoyaron no solo como espectadores sino tambi\u00e9n en donaciones.\u00a0Por otro lado, tuvimos el privilegio de contar con el apoyo de la\u00a0<\/span><span>C\u00e1mara de Comercio Nacional Hispana y del Estado de Nueva York.<\/span><\/p>\t\t\t\t\t\t\t\t<\/div>\n\t\t\t\t<\/div>\n\t\t\t\t\t<\/div>\n\t\t<\/div>\n\t\t\t\t\t<\/div>\n\t\t<\/section>\n\t\t\t\t<section class=\"elementor-section elementor-top-section elementor-element elementor-element-b038e3a elementor-section-stretched elementor-section-boxed elementor-section-height-default elementor-section-height-default\" data-id=\"b038e3a\" data-element_type=\"section\" data-settings=\"{&quot;stretch_section&quot;:&quot;section-stretched&quot;,&quot;background_background&quot;:&quot;classic&quot;}\">\n\t\t\t\t\t\t<div class=\"elementor-container elementor-column-gap-default\">\n\t\t\t\t\t<div class=\"elementor-column elementor-col-100 elementor-top-column elementor-element elementor-element-508bf47\" data-id=\"508bf47\" data-element_type=\"column\">\n\t\t\t<div class=\"elementor-widget-wrap elementor-element-populated\">\n\t\t\t\t\t\t<div class=\"elementor-element elementor-element-80d2593 elementor-widget elementor-widget-gallery\" data-id=\"80d2593\" data-element_type=\"widget\" data-settings=\"{&quot;gallery_layout&quot;:&quot;justified&quot;,&quot;lazyload&quot;:&quot;yes&quot;,&quot;ideal_row_height&quot;:{&quot;unit&quot;:&quot;px&quot;,&quot;size&quot;:200,&quot;sizes&quot;:[]},&quot;ideal_row_height_tablet&quot;:{&quot;unit&quot;:&quot;px&quot;,&quot;size&quot;:150,&quot;sizes&quot;:[]},&quot;ideal_row_height_mobile&quot;:{&quot;unit&quot;:&quot;px&quot;,&quot;size&quot;:150,&quot;sizes&quot;:[]},&quot;gap&quot;:{&quot;unit&quot;:&quot;px&quot;,&quot;size&quot;:10,&quot;sizes&quot;:[]},&quot;gap_tablet&quot;:{&quot;unit&quot;:&quot;px&quot;,&quot;size&quot;:10,&quot;sizes&quot;:[]},&quot;gap_mobile&quot;:{&quot;unit&quot;:&quot;px&quot;,&quot;size&quot;:10,&quot;sizes&quot;:[]},&quot;link_to&quot;:&quot;file&quot;,&quot;overlay_background&quot;:&quot;yes&quot;,&quot;content_hover_animation&quot;:&quot;fade-in&quot;}\" data-widget_type=\"gallery.default\">\n\t\t\t\t<div class=\"elementor-widget-container\">\n\t\t\t\t\t\t\t<div class=\"elementor-gallery__container\">\n\t\t\t\t\t\t\t<a class=\"e-gallery-item elementor-gallery-item elementor-animated-content\" href=\"https:\/\/idalisbeautysavvy.com\/wp-content\/uploads\/2021\/02\/beauty-runway-chicas-5.jpg\" data-elementor-open-lightbox=\"yes\" data-elementor-lightbox-slideshow=\"80d2593\" data-elementor-lightbox-title=\"beauty-runway-chicas-5\" data-e-action-hash=\"#elementor-action%3Aaction%3Dlightbox%26settings%3DeyJpZCI6MTQ1NywidXJsIjoiaHR0cHM6XC9cL2lkYWxpc2JlYXV0eXNhdnZ5LmNvbVwvd3AtY29udGVudFwvdXBsb2Fkc1wvMjAyMVwvMDJcL2JlYXV0eS1ydW53YXktY2hpY2FzLTUuanBnIiwic2xpZGVzaG93IjoiODBkMjU5MyJ9\">\n\t\t\t\t\t<div class=\"e-gallery-image elementor-gallery-item__image\" data-thumbnail=\"https:\/\/idalisbeautysavvy.com\/wp-content\/uploads\/2021\/02\/beauty-runway-chicas-5-768x390.jpg\" data-width=\"768\" data-height=\"390\" aria-label=\"\" role=\"img\" ><\/div>\n\t\t\t\t\t\t\t\t\t\t\t<div class=\"elementor-gallery-item__overlay\"><\/div>\n\t\t\t\t\t\t\t\t\t\t\t\t\t\t<\/a>\n\t\t\t\t\t\t\t<a class=\"e-gallery-item elementor-gallery-item elementor-animated-content\" href=\"https:\/\/idalisbeautysavvy.com\/wp-content\/uploads\/2021\/02\/purple-star-renew-esthetics.jpg\" data-elementor-open-lightbox=\"yes\" data-elementor-lightbox-slideshow=\"80d2593\" data-elementor-lightbox-title=\"purple-star-renew-esthetics\" data-e-action-hash=\"#elementor-action%3Aaction%3Dlightbox%26settings%3DeyJpZCI6MTQ1OCwidXJsIjoiaHR0cHM6XC9cL2lkYWxpc2JlYXV0eXNhdnZ5LmNvbVwvd3AtY29udGVudFwvdXBsb2Fkc1wvMjAyMVwvMDJcL3B1cnBsZS1zdGFyLXJlbmV3LWVzdGhldGljcy5qcGciLCJzbGlkZXNob3ciOiI4MGQyNTkzIn0%3D\">\n\t\t\t\t\t<div class=\"e-gallery-image elementor-gallery-item__image\" data-thumbnail=\"https:\/\/idalisbeautysavvy.com\/wp-content\/uploads\/2021\/02\/purple-star-renew-esthetics-768x432.jpg\" data-width=\"768\" data-height=\"432\" aria-label=\"\" role=\"img\" ><\/div>\n\t\t\t\t\t\t\t\t\t\t\t<div class=\"elementor-gallery-item__overlay\"><\/div>\n\t\t\t\t\t\t\t\t\t\t\t\t\t\t<\/a>\n\t\t\t\t\t\t\t<a class=\"e-gallery-item elementor-gallery-item elementor-animated-content\" href=\"https:\/\/idalisbeautysavvy.com\/wp-content\/uploads\/2021\/02\/purple-star-renew-esthetics-3.jpg\" data-elementor-open-lightbox=\"yes\" data-elementor-lightbox-slideshow=\"80d2593\" data-elementor-lightbox-title=\"purple-star-renew-esthetics-3\" data-e-action-hash=\"#elementor-action%3Aaction%3Dlightbox%26settings%3DeyJpZCI6MTQ1OSwidXJsIjoiaHR0cHM6XC9cL2lkYWxpc2JlYXV0eXNhdnZ5LmNvbVwvd3AtY29udGVudFwvdXBsb2Fkc1wvMjAyMVwvMDJcL3B1cnBsZS1zdGFyLXJlbmV3LWVzdGhldGljcy0zLmpwZyIsInNsaWRlc2hvdyI6IjgwZDI1OTMifQ%3D%3D\">\n\t\t\t\t\t<div class=\"e-gallery-image elementor-gallery-item__image\" data-thumbnail=\"https:\/\/idalisbeautysavvy.com\/wp-content\/uploads\/2021\/02\/purple-star-renew-esthetics-3-768x492.jpg\" data-width=\"768\" data-height=\"492\" aria-label=\"\" role=\"img\" ><\/div>\n\t\t\t\t\t\t\t\t\t\t\t<div class=\"elementor-gallery-item__overlay\"><\/div>\n\t\t\t\t\t\t\t\t\t\t\t\t\t\t<\/a>\n\t\t\t\t\t\t\t<a class=\"e-gallery-item elementor-gallery-item elementor-animated-content\" href=\"https:\/\/idalisbeautysavvy.com\/wp-content\/uploads\/2021\/02\/purple-star-renew-esthetics-4.jpg\" data-elementor-open-lightbox=\"yes\" data-elementor-lightbox-slideshow=\"80d2593\" data-elementor-lightbox-title=\"purple-star-renew-esthetics-4\" data-e-action-hash=\"#elementor-action%3Aaction%3Dlightbox%26settings%3DeyJpZCI6MTQ2MCwidXJsIjoiaHR0cHM6XC9cL2lkYWxpc2JlYXV0eXNhdnZ5LmNvbVwvd3AtY29udGVudFwvdXBsb2Fkc1wvMjAyMVwvMDJcL3B1cnBsZS1zdGFyLXJlbmV3LWVzdGhldGljcy00LmpwZyIsInNsaWRlc2hvdyI6IjgwZDI1OTMifQ%3D%3D\">\n\t\t\t\t\t<div class=\"e-gallery-image elementor-gallery-item__image\" data-thumbnail=\"https:\/\/idalisbeautysavvy.com\/wp-content\/uploads\/2021\/02\/purple-star-renew-esthetics-4-768x582.jpg\" data-width=\"768\" data-height=\"582\" aria-label=\"\" role=\"img\" ><\/div>\n\t\t\t\t\t\t\t\t\t\t\t<div class=\"elementor-gallery-item__overlay\"><\/div>\n\t\t\t\t\t\t\t\t\t\t\t\t\t\t<\/a>\n\t\t\t\t\t\t\t<a class=\"e-gallery-item elementor-gallery-item elementor-animated-content\" href=\"https:\/\/idalisbeautysavvy.com\/wp-content\/uploads\/2021\/02\/purple-star-renew-esthetics-5-scaled.jpg\" data-elementor-open-lightbox=\"yes\" data-elementor-lightbox-slideshow=\"80d2593\" data-elementor-lightbox-title=\"purple-star-renew-esthetics-5\" data-e-action-hash=\"#elementor-action%3Aaction%3Dlightbox%26settings%3DeyJpZCI6MTQ2MSwidXJsIjoiaHR0cHM6XC9cL2lkYWxpc2JlYXV0eXNhdnZ5LmNvbVwvd3AtY29udGVudFwvdXBsb2Fkc1wvMjAyMVwvMDJcL3B1cnBsZS1zdGFyLXJlbmV3LWVzdGhldGljcy01LXNjYWxlZC5qcGciLCJzbGlkZXNob3ciOiI4MGQyNTkzIn0%3D\">\n\t\t\t\t\t<div class=\"e-gallery-image elementor-gallery-item__image\" data-thumbnail=\"https:\/\/idalisbeautysavvy.com\/wp-content\/uploads\/2021\/02\/purple-star-renew-esthetics-5-768x459.jpg\" data-width=\"768\" data-height=\"459\" aria-label=\"\" role=\"img\" ><\/div>\n\t\t\t\t\t\t\t\t\t\t\t<div class=\"elementor-gallery-item__overlay\"><\/div>\n\t\t\t\t\t\t\t\t\t\t\t\t\t\t<\/a>\n\t\t\t\t\t<\/div>\n\t\t\t\t\t<\/div>\n\t\t\t\t<\/div>\n\t\t\t\t\t<\/div>\n\t\t<\/div>\n\t\t\t\t\t<\/div>\n\t\t<\/section>\n\t\t\t\t<\/div>","protected":false},"excerpt":{"rendered":"excerpt","protected":false},"author":1,"featured_media":1448,"parent":0,"menu_order":0,"comment_status":"closed","ping_status":"closed","template":"","meta":{"episode_type":"","audio_file":"","podmotor_file_id":"","podmotor_episode_id":"","cover_image":"","cover_image_id":"","duration":"","filesize":"","filesize_raw":"","date_recorded":"","explicit":"","block":"","generate_page_header":"","footnotes":""},"class_list":["post-1446","page","type-page","status-publish","has-post-thumbnail"],"rttpg_featured_image_url":{"full":["https:\/\/idalisbeautysavvy.com\/wp-content\/uploads\/2021\/02\/purple-star.jpg",1711,960,false],"landscape":["https:\/\/idalisbeautysavvy.com\/wp-content\/uploads\/2021\/02\/purple-star.jpg",1711,960,false],"portraits":["https:\/\/idalisbeautysavvy.com\/wp-content\/uploads\/2021\/02\/purple-star.jpg",1711,960,false],"thumbnail":["https:\/\/idalisbeautysavvy.com\/wp-content\/uploads\/2021\/02\/purple-star-150x150.jpg",150,150,true],"medium":["https:\/\/idalisbeautysavvy.com\/wp-content\/uploads\/2021\/02\/purple-star-300x168.jpg",300,168,true],"large":["https:\/\/idalisbeautysavvy.com\/wp-content\/uploads\/2021\/02\/purple-star-1024x575.jpg",1024,575,true],"1536x1536":["https:\/\/idalisbeautysavvy.com\/wp-content\/uploads\/2021\/02\/purple-star-1536x862.jpg",1536,862,true],"2048x2048":["https:\/\/idalisbeautysavvy.com\/wp-content\/uploads\/2021\/02\/purple-star.jpg",1711,960,false],"trp-custom-language-flag":["https:\/\/idalisbeautysavvy.com\/wp-content\/uploads\/2021\/02\/purple-star.jpg",18,10,false],"woocommerce_thumbnail":["https:\/\/idalisbeautysavvy.com\/wp-content\/uploads\/2021\/02\/purple-star-300x300.jpg",300,300,true],"woocommerce_single":["https:\/\/idalisbeautysavvy.com\/wp-content\/uploads\/2021\/02\/purple-star-600x337.jpg",600,337,true],"woocommerce_gallery_thumbnail":["https:\/\/idalisbeautysavvy.com\/wp-content\/uploads\/2021\/02\/purple-star-100x100.jpg",100,100,true]},"rttpg_author":{"display_name":"Idalis Bailey","author_link":"https:\/\/idalisbeautysavvy.com\/en\/author\/admin\/"},"rttpg_comment":0,"rttpg_category":null,"rttpg_excerpt":"Programa Purple Star ACERCA DEL PROGRAMA Con Renew Esthetics MediSpa seguimos trabajando con servicios de alta calidad, actualizados con las \u00faltimas tendencias est\u00e9ticas. Tambi\u00e9n estamos comprometidos a trabajar con nuestro ... LEER MASPrograma Purple Star","_links":{"self":[{"href":"https:\/\/idalisbeautysavvy.com\/en\/wp-json\/wp\/v2\/pages\/1446","targetHints":{"allow":["GET"]}}],"collection":[{"href":"https:\/\/idalisbeautysavvy.com\/en\/wp-json\/wp\/v2\/pages"}],"about":[{"href":"https:\/\/idalisbeautysavvy.com\/en\/wp-json\/wp\/v2\/types\/page"}],"author":[{"embeddable":true,"href":"https:\/\/idalisbeautysavvy.com\/en\/wp-json\/wp\/v2\/users\/1"}],"replies":[{"embeddable":true,"href":"https:\/\/idalisbeautysavvy.com\/en\/wp-json\/wp\/v2\/comments?post=1446"}],"version-history":[{"count":5,"href":"https:\/\/idalisbeautysavvy.com\/en\/wp-json\/wp\/v2\/pages\/1446\/revisions"}],"predecessor-version":[{"id":1468,"href":"https:\/\/idalisbeautysavvy.com\/en\/wp-json\/wp\/v2\/pages\/1446\/revisions\/1468"}],"wp:featuredmedia":[{"embeddable":true,"href":"https:\/\/idalisbeautysavvy.com\/en\/wp-json\/wp\/v2\/media\/1448"}],"wp:attachment":[{"href":"https:\/\/idalisbeautysavvy.com\/en\/wp-json\/wp\/v2\/media?parent=1446"}],"curies":[{"name":"wp","href":"https:\/\/api.w.org\/{rel}","templated":true}]}}